{"id":706,"date":"2021-11-11T13:57:01","date_gmt":"2021-11-11T12:57:01","guid":{"rendered":"http:\/\/clairegentil.com\/?page_id=706"},"modified":"2026-02-17T17:14:32","modified_gmt":"2026-02-17T16:14:32","slug":"claire","status":"publish","type":"page","link":"https:\/\/clairegentil.com\/index.php\/claire\/","title":{"rendered":"Claire Gentil"},"content":{"rendered":"\n<div class=\"wp-block-media-text alignwide has-media-on-the-right is-stacked-on-mobile\" style=\"grid-template-columns:auto 25%\"><div class=\"wp-block-media-text__content\">\n<div class=\"wp-block-group is-nowrap is-layout-flex wp-container-core-group-is-layout-ad2f72ca wp-block-group-is-layout-flex\">\n<p>Pour gu\u00e9rir mon corps qui se manifestait violemment et mes \u00e9motions envahissantes,  j\u2019ai litt\u00e9ralement plong\u00e9 dans la pratique du d\u00e9veloppement personnel : Constellations Familiales avec et selon Bert Hellinger, d\u00e9couverte de l\u2019invisible avec Loan Mi\u00e8ge, psychoth\u00e9rapie, Sophrologie, EFT (Emotionnal Freedom Technique), Hypnose, M\u00e9decine Traditionnelle Chinoise, Citlamina, Mouvement M\u00e9decine, chant, je\u00fbne, Breathwork (Transformational Breath\u00ae), analyse de r\u00eaves, \u2026<\/p>\n<\/div>\n\n\n\n<p><strong>Chaque exp\u00e9rience m\u2019a apport\u00e9 un peu plus de lib\u00e9ration de moi et&nbsp;d\u2019ouverture aux autres. Cela m\u2019a permis de comprendre que de nombreux chemins m\u00e8nent \u00e0 l\u2019\u00e9panouissement et \u00e0 la sant\u00e9 avec pour fils conducteurs l\u2019amour inconditionnel du praticien et l\u2019observation de ce qui est pr\u00e9sent.&nbsp;&nbsp;<\/strong><\/p>\n<\/div><figure class=\"wp-block-media-text__media\"><img loading=\"lazy\" decoding=\"async\" width=\"120\" height=\"147\" src=\"https:\/\/clairegentil.com\/wp-content\/uploads\/2026\/02\/Portrait2015.jpeg\" alt=\"\" class=\"wp-image-1597 size-full\"\/><\/figure><\/div>\n\n\n\n<div class=\"wp-block-media-text alignwide is-stacked-on-mobile\" style=\"grid-template-columns:23% auto\"><figure class=\"wp-block-media-text__media\"><img loading=\"lazy\" decoding=\"async\" width=\"712\" height=\"1024\" src=\"https:\/\/clairegentil.com\/wp-content\/uploads\/2026\/02\/arbre-nu-2-712x1024.jpg\" alt=\"\" class=\"wp-image-1536 size-full\" srcset=\"https:\/\/clairegentil.com\/wp-content\/uploads\/2026\/02\/arbre-nu-2-712x1024.jpg 712w, https:\/\/clairegentil.com\/wp-content\/uploads\/2026\/02\/arbre-nu-2-209x300.jpg 209w, https:\/\/clairegentil.com\/wp-content\/uploads\/2026\/02\/arbre-nu-2-768x1105.jpg 768w, https:\/\/clairegentil.com\/wp-content\/uploads\/2026\/02\/arbre-nu-2-1068x1536.jpg 1068w, https:\/\/clairegentil.com\/wp-content\/uploads\/2026\/02\/arbre-nu-2-1424x2048.jpg 1424w, https:\/\/clairegentil.com\/wp-content\/uploads\/2026\/02\/arbre-nu-2-scaled.jpg 1780w\" sizes=\"auto, (max-width: 712px) 100vw, 712px\" \/><\/figure><div class=\"wp-block-media-text__content\">\n<p>Apr\u00e8s une quinzaine d\u2019ann\u00e9es de ce cheminement et ayant d\u00e9couvert mon aptitude \u00e0 ressentir \u00e0 travers mes mains et entendre les messages subtils, j\u2019ai d\u00e9cid\u00e9 de me former pour accompagner et encourager des personnes ayant la sinc\u00e8re ambition&nbsp;de se sentir vraiment bien. <br>J\u2019utilise pour mes soins aujourd\u2019hui les pratiques exp\u00e9riment\u00e9es et dig\u00e9r\u00e9es qui m&rsquo;ont le plus aid\u00e9es et parmi elles, tout particuli\u00e8rement :&nbsp;<\/p>\n\n\n\n<ul class=\"wp-block-list\">\n<li>Les formations en \u00e9nerg\u00e9tique de Loan Mi\u00e8ge&nbsp;<a href=\"https:\/\/loanetfabrice.com\">loanetfabrice.com<\/a> Loan (de 2006 \u00e0 2012 principalement) : \u00ab\u00a0Nettoyage et protection\u00a0\u00bb, \u00ab\u00a0Outils c\u00e9lestes\u00a0\u00bb,&nbsp;\u00ab\u00a0Soins \u00e9nerg\u00e9tiques\u00a0\u00bb,&nbsp;\u00ab\u00a0Cristaux partenaires de vie\u00a0\u00bb, \u00ab\u00a0Recouvrement d\u2019\u00e2me\u00a0\u00bb, \u00ab\u00a0G\u00e9obiologie et nettoyage des lieux\u00a0\u00bb. Et plus r\u00e9cemment par Loan Mi\u00e8ge et Fabrice Pierredon \u00ab\u00a0sur le chemin spirituel\u00a0\u00bb.<br><\/li>\n\n\n\n<li>Les formations de M\u00e9decine traditionnelle chinoise de l\u2019Institut \u00ab&nbsp;La main du coeur&nbsp;\u00bb (Jean Ripoll, Fr\u00e9d\u00e9rick Marchaland, Pascale Perli)&nbsp;<a href=\"http:\/\/www.lamainducoeur.com\/\">site lamainducoeur.com<\/a><br>Qigong Tuina et principes fondamentaux de la m\u00e9decine traditionnelle chinoise (2008-2012); Acupuncture, moxibustion et ventouses (2012-2013); Di\u00e9t\u00e9tique Chinoise (2013)<br><\/li>\n\n\n\n<li>Les Master Class d&rsquo;Hypnose Intuitive et de constellations d&rsquo;\u00e2me de Margot Woszczalski \u00e0 l&rsquo;<a href=\"https:\/\/www.institut-semeion-hypnose-intuitive.com\/?fbclid=IwAR0pb-X7a18Y67GF2iIXmHSovB2aWVVgYkJwyTCee4X3I23OqtbYjeb2EKI\">Institut <\/a><a href=\"https:\/\/www.margot-woszczalski.fr\/formations-institut-semeion\">Semeion<\/a> (2019-2020)<br><\/li>\n\n\n\n<li>Les constellations Familliales selon la m\u00e9thode \u00ab\u00a0Bert Helinger\u00a0\u00bb avec Margot Woszczalski(2019) puis les \u00ab\u00a0nouvelles constellations\u00a0\u00bb d&rsquo;<a href=\"http:\/\/constellation-familiale.eu\">Eric Laudi\u00e8re<\/a> (2025).<br><\/li>\n\n\n\n<li> <a href=\"https:\/\/transformationalbreath.fr\">Transformational Breath\u00ae<\/a> (2022-2024 ) Facilitatrice Certifi\u00e9e<\/li>\n<\/ul>\n<\/div><\/div>\n\n\n\n<p class=\"has-text-align-center has-vivid-red-color has-very-light-gray-background-color has-text-color has-background\" style=\"font-size:14px\"><em><span class=\"tadv-color\" style=\"color:#721228\">Je tiens \u00e0 remercier ici de tout mon coeur tous ceux qui m\u2019ont\u00a0aid\u00e9e sur ce chemin en tant que\u00a0th\u00e9rapeutes,\u00a0 formateurs, co-\u00e9l\u00e8ves, co-participants, amis bienveillants et patients confiants. \u00a0J\u2019ai une\u00a0reconnaissance\u00a0particuli\u00e8re pour le\u00a0Dr Jocelyne Nicolas, Loan Mi\u00e8ge, Jean Ripoll,\u00a0et Eric Laudi\u00e8re non seulement pour leur savoir immense, mais surtout pour leur pr\u00e9sence \u00e0 mon c\u00f4t\u00e9 et leur humanit\u00e9.\u00a0<\/span><\/em><\/p>\n","protected":false},"excerpt":{"rendered":"<p>Je tiens \u00e0 remercier ici de tout mon coeur tous ceux qui m\u2019ont\u00a0aid\u00e9e sur ce chemin en tant que\u00a0th\u00e9rapeutes,\u00a0 formateurs, co-\u00e9l\u00e8ves, co-participants, amis bienveillants et patients confiants. \u00a0J\u2019ai une\u00a0reconnaissance\u00a0particuli\u00e8re pour le\u00a0Dr Jocelyne Nicolas, Loan Mi\u00e8ge, Jean Ripoll,\u00a0et Eric Laudi\u00e8re non seulement pour leur savoir immense, mais surtout pour leur pr\u00e9sence \u00e0 mon c\u00f4t\u00e9 et leur [&hellip;]<\/p>\n","protected":false},"author":1,"featured_media":0,"parent":0,"menu_order":5,"comment_status":"closed","ping_status":"closed","template":"","meta":{"footnotes":""},"class_list":["post-706","page","type-page","status-publish","hentry"],"yoast_head":"<!-- This site is optimized with the Yoast SEO plugin v27.5 - https:\/\/yoast.com\/product\/yoast-seo-wordpress\/ -->\n<title>Claire Gentil - Claire Gentil<\/title>\n<meta name=\"robots\" content=\"index, follow, max-snippet:-1, max-image-preview:large, max-video-preview:-1\" \/>\n<link rel=\"canonical\" href=\"https:\/\/clairegentil.com\/index.php\/claire\/\" \/>\n<meta property=\"og:locale\" content=\"fr_FR\" \/>\n<meta property=\"og:type\" content=\"article\" \/>\n<meta property=\"og:title\" content=\"Claire Gentil - Claire Gentil\" \/>\n<meta property=\"og:description\" content=\"Je tiens \u00e0 remercier ici de tout mon coeur tous ceux qui m\u2019ont\u00a0aid\u00e9e sur ce chemin en tant que\u00a0th\u00e9rapeutes,\u00a0 formateurs, co-\u00e9l\u00e8ves, co-participants, amis bienveillants et patients confiants. \u00a0J\u2019ai une\u00a0reconnaissance\u00a0particuli\u00e8re pour le\u00a0Dr Jocelyne Nicolas, Loan Mi\u00e8ge, Jean Ripoll,\u00a0et Eric Laudi\u00e8re non seulement pour leur savoir immense, mais surtout pour leur pr\u00e9sence \u00e0 mon c\u00f4t\u00e9 et leur [&hellip;]\" \/>\n<meta property=\"og:url\" content=\"https:\/\/clairegentil.com\/index.php\/claire\/\" \/>\n<meta property=\"og:site_name\" content=\"Claire Gentil\" \/>\n<meta property=\"article:publisher\" content=\"https:\/\/www.facebook.com\/claire.gentil.7\" \/>\n<meta property=\"article:modified_time\" content=\"2026-02-17T16:14:32+00:00\" \/>\n<meta property=\"og:image\" content=\"https:\/\/clairegentil.com\/wp-content\/uploads\/2026\/02\/Portrait2015.jpeg\" \/>\n\t<meta property=\"og:image:width\" content=\"120\" \/>\n\t<meta property=\"og:image:height\" content=\"147\" \/>\n\t<meta property=\"og:image:type\" content=\"image\/jpeg\" \/>\n<meta name=\"twitter:card\" content=\"summary_large_image\" \/>\n<meta name=\"twitter:label1\" content=\"Dur\u00e9e de lecture estim\u00e9e\" \/>\n\t<meta name=\"twitter:data1\" content=\"2 minutes\" \/>\n<script type=\"application\/ld+json\" class=\"yoast-schema-graph\">{\"@context\":\"https:\\\/\\\/schema.org\",\"@graph\":[{\"@type\":\"WebPage\",\"@id\":\"https:\\\/\\\/clairegentil.com\\\/index.php\\\/claire\\\/\",\"url\":\"https:\\\/\\\/clairegentil.com\\\/index.php\\\/claire\\\/\",\"name\":\"Claire Gentil - Claire Gentil\",\"isPartOf\":{\"@id\":\"https:\\\/\\\/clairegentil.com\\\/#website\"},\"primaryImageOfPage\":{\"@id\":\"https:\\\/\\\/clairegentil.com\\\/index.php\\\/claire\\\/#primaryimage\"},\"image\":{\"@id\":\"https:\\\/\\\/clairegentil.com\\\/index.php\\\/claire\\\/#primaryimage\"},\"thumbnailUrl\":\"https:\\\/\\\/clairegentil.com\\\/wp-content\\\/uploads\\\/2026\\\/02\\\/Portrait2015.jpeg\",\"datePublished\":\"2021-11-11T12:57:01+00:00\",\"dateModified\":\"2026-02-17T16:14:32+00:00\",\"breadcrumb\":{\"@id\":\"https:\\\/\\\/clairegentil.com\\\/index.php\\\/claire\\\/#breadcrumb\"},\"inLanguage\":\"fr-FR\",\"potentialAction\":[{\"@type\":\"ReadAction\",\"target\":[\"https:\\\/\\\/clairegentil.com\\\/index.php\\\/claire\\\/\"]}]},{\"@type\":\"ImageObject\",\"inLanguage\":\"fr-FR\",\"@id\":\"https:\\\/\\\/clairegentil.com\\\/index.php\\\/claire\\\/#primaryimage\",\"url\":\"https:\\\/\\\/clairegentil.com\\\/wp-content\\\/uploads\\\/2026\\\/02\\\/Portrait2015.jpeg\",\"contentUrl\":\"https:\\\/\\\/clairegentil.com\\\/wp-content\\\/uploads\\\/2026\\\/02\\\/Portrait2015.jpeg\",\"width\":120,\"height\":147},{\"@type\":\"BreadcrumbList\",\"@id\":\"https:\\\/\\\/clairegentil.com\\\/index.php\\\/claire\\\/#breadcrumb\",\"itemListElement\":[{\"@type\":\"ListItem\",\"position\":1,\"name\":\"Accueil\",\"item\":\"https:\\\/\\\/clairegentil.com\\\/\"},{\"@type\":\"ListItem\",\"position\":2,\"name\":\"Claire Gentil\"}]},{\"@type\":\"WebSite\",\"@id\":\"https:\\\/\\\/clairegentil.com\\\/#website\",\"url\":\"https:\\\/\\\/clairegentil.com\\\/\",\"name\":\"Claire Gentil\",\"description\":\"Th\u00e9rapeute Energ\u00e9ticienne\",\"potentialAction\":[{\"@type\":\"SearchAction\",\"target\":{\"@type\":\"EntryPoint\",\"urlTemplate\":\"https:\\\/\\\/clairegentil.com\\\/?s={search_term_string}\"},\"query-input\":{\"@type\":\"PropertyValueSpecification\",\"valueRequired\":true,\"valueName\":\"search_term_string\"}}],\"inLanguage\":\"fr-FR\"}]}<\/script>\n<!-- \/ Yoast SEO plugin. -->","yoast_head_json":{"title":"Claire Gentil - Claire Gentil","robots":{"index":"index","follow":"follow","max-snippet":"max-snippet:-1","max-image-preview":"max-image-preview:large","max-video-preview":"max-video-preview:-1"},"canonical":"https:\/\/clairegentil.com\/index.php\/claire\/","og_locale":"fr_FR","og_type":"article","og_title":"Claire Gentil - Claire Gentil","og_description":"Je tiens \u00e0 remercier ici de tout mon coeur tous ceux qui m\u2019ont\u00a0aid\u00e9e sur ce chemin en tant que\u00a0th\u00e9rapeutes,\u00a0 formateurs, co-\u00e9l\u00e8ves, co-participants, amis bienveillants et patients confiants. \u00a0J\u2019ai une\u00a0reconnaissance\u00a0particuli\u00e8re pour le\u00a0Dr Jocelyne Nicolas, Loan Mi\u00e8ge, Jean Ripoll,\u00a0et Eric Laudi\u00e8re non seulement pour leur savoir immense, mais surtout pour leur pr\u00e9sence \u00e0 mon c\u00f4t\u00e9 et leur [&hellip;]","og_url":"https:\/\/clairegentil.com\/index.php\/claire\/","og_site_name":"Claire Gentil","article_publisher":"https:\/\/www.facebook.com\/claire.gentil.7","article_modified_time":"2026-02-17T16:14:32+00:00","og_image":[{"width":120,"height":147,"url":"https:\/\/clairegentil.com\/wp-content\/uploads\/2026\/02\/Portrait2015.jpeg","type":"image\/jpeg"}],"twitter_card":"summary_large_image","twitter_misc":{"Dur\u00e9e de lecture estim\u00e9e":"2 minutes"},"schema":{"@context":"https:\/\/schema.org","@graph":[{"@type":"WebPage","@id":"https:\/\/clairegentil.com\/index.php\/claire\/","url":"https:\/\/clairegentil.com\/index.php\/claire\/","name":"Claire Gentil - Claire Gentil","isPartOf":{"@id":"https:\/\/clairegentil.com\/#website"},"primaryImageOfPage":{"@id":"https:\/\/clairegentil.com\/index.php\/claire\/#primaryimage"},"image":{"@id":"https:\/\/clairegentil.com\/index.php\/claire\/#primaryimage"},"thumbnailUrl":"https:\/\/clairegentil.com\/wp-content\/uploads\/2026\/02\/Portrait2015.jpeg","datePublished":"2021-11-11T12:57:01+00:00","dateModified":"2026-02-17T16:14:32+00:00","breadcrumb":{"@id":"https:\/\/clairegentil.com\/index.php\/claire\/#breadcrumb"},"inLanguage":"fr-FR","potentialAction":[{"@type":"ReadAction","target":["https:\/\/clairegentil.com\/index.php\/claire\/"]}]},{"@type":"ImageObject","inLanguage":"fr-FR","@id":"https:\/\/clairegentil.com\/index.php\/claire\/#primaryimage","url":"https:\/\/clairegentil.com\/wp-content\/uploads\/2026\/02\/Portrait2015.jpeg","contentUrl":"https:\/\/clairegentil.com\/wp-content\/uploads\/2026\/02\/Portrait2015.jpeg","width":120,"height":147},{"@type":"BreadcrumbList","@id":"https:\/\/clairegentil.com\/index.php\/claire\/#breadcrumb","itemListElement":[{"@type":"ListItem","position":1,"name":"Accueil","item":"https:\/\/clairegentil.com\/"},{"@type":"ListItem","position":2,"name":"Claire Gentil"}]},{"@type":"WebSite","@id":"https:\/\/clairegentil.com\/#website","url":"https:\/\/clairegentil.com\/","name":"Claire Gentil","description":"Th\u00e9rapeute Energ\u00e9ticienne","potentialAction":[{"@type":"SearchAction","target":{"@type":"EntryPoint","urlTemplate":"https:\/\/clairegentil.com\/?s={search_term_string}"},"query-input":{"@type":"PropertyValueSpecification","valueRequired":true,"valueName":"search_term_string"}}],"inLanguage":"fr-FR"}]}},"_links":{"self":[{"href":"https:\/\/clairegentil.com\/index.php\/wp-json\/wp\/v2\/pages\/706","targetHints":{"allow":["GET"]}}],"collection":[{"href":"https:\/\/clairegentil.com\/index.php\/wp-json\/wp\/v2\/pages"}],"about":[{"href":"https:\/\/clairegentil.com\/index.php\/wp-json\/wp\/v2\/types\/page"}],"author":[{"embeddable":true,"href":"https:\/\/clairegentil.com\/index.php\/wp-json\/wp\/v2\/users\/1"}],"replies":[{"embeddable":true,"href":"https:\/\/clairegentil.com\/index.php\/wp-json\/wp\/v2\/comments?post=706"}],"version-history":[{"count":17,"href":"https:\/\/clairegentil.com\/index.php\/wp-json\/wp\/v2\/pages\/706\/revisions"}],"predecessor-version":[{"id":1603,"href":"https:\/\/clairegentil.com\/index.php\/wp-json\/wp\/v2\/pages\/706\/revisions\/1603"}],"wp:attachment":[{"href":"https:\/\/clairegentil.com\/index.php\/wp-json\/wp\/v2\/media?parent=706"}],"curies":[{"name":"wp","href":"https:\/\/api.w.org\/{rel}","templated":true}]}}