{"id":627,"date":"2021-10-20T20:15:48","date_gmt":"2021-10-20T18:15:48","guid":{"rendered":"http:\/\/clairegentil.com\/?page_id=627"},"modified":"2021-10-20T20:18:12","modified_gmt":"2021-10-20T18:18:12","slug":"accompagnement-holistique","status":"publish","type":"page","link":"https:\/\/clairegentil.com\/index.php\/accueil\/accompagnement-holistique\/","title":{"rendered":"Accompagnement holistique"},"content":{"rendered":"\n<p class=\"has-normal-font-size\">Par une vari\u00e9t\u00e9 d\u2019approches th\u00e9rapeutiques, choisies selon ce qui se pr\u00e9sente \u00e0 chaque s\u00e9ance, cet accompagnement holistique, s\u2019adresse \u00e0 l&rsquo;individu dans sa globalit\u00e9 : aussi bien au <a href=\"https:\/\/clairegentil.com\/index.php\/page-d-exemple\/corps\/\">corps<\/a>, \u00e0 <a href=\"https:\/\/clairegentil.com\/index.php\/page-d-exemple\/esprit\/\">l\u2019inconscient, aux \u00e9motions et au mental<\/a>. <\/p>\n\n\n\n<p class=\"has-normal-font-size\">A partir de ce qui est pr\u00e9sent \u00e0 la premi\u00e8re s\u00e9ance et de l\u2019identification de patterns r\u00e9currents, l\u2019accompagnement holistique permet de cheminer vers qui l\u2019on est vraiment.<\/p>\n\n\n\n<div class=\"wp-block-image\"><figure class=\"alignright is-resized\"><img loading=\"lazy\" decoding=\"async\" src=\"https:\/\/clairegentil.com\/wp-content\/uploads\/2019\/10\/P1210055-1-1024x989.jpeg\" alt=\"\" class=\"wp-image-416\" width=\"295\" height=\"285\" srcset=\"https:\/\/clairegentil.com\/wp-content\/uploads\/2019\/10\/P1210055-1-1024x989.jpeg 1024w, https:\/\/clairegentil.com\/wp-content\/uploads\/2019\/10\/P1210055-1-300x290.jpeg 300w, https:\/\/clairegentil.com\/wp-content\/uploads\/2019\/10\/P1210055-1-768x741.jpeg 768w\" sizes=\"auto, (max-width: 295px) 100vw, 295px\" \/><\/figure><\/div>\n\n\n\n<p class=\"has-very-light-gray-color has-text-color has-background has-normal-font-size\" style=\"background-color:#0c4e6d\"><em>Prendre<\/em> <em>un engagement avec soi-m\u00eame sur 10 s\u00e9ances est une d\u00e9marche diff\u00e9rente par rapport \u00e0 une, deux ou trois s\u00e9ances, g\u00e9n\u00e9ralement sur une probl\u00e9matique bien d\u00e9finie.<\/em><\/p>\n\n\n\n<p class=\"has-normal-font-size\">Sur un temps long, notre inconscient sait qu\u2019il y a un processus en cours et le nourrit entre les s\u00e9ances : r\u00eaves, pens\u00e9es spontan\u00e9es, etc. <\/p>\n\n\n\n<p class=\"has-normal-font-size\">La transformation est plus profonde et plus compl\u00e8te. On peut observer l\u2019\u00e9volution des sch\u00e9mas corporels, \u00e9motionnels et mentaux.<\/p>\n\n\n\n<p>La confiance s&rsquo;installe et le travail peut se faire plus en profondeur.<\/p>\n\n\n\n<p class=\"has-normal-font-size\"><\/p>\n\n\n\n<div class=\"wp-block-image\"><figure class=\"alignleft is-resized\"><img loading=\"lazy\" decoding=\"async\" src=\"https:\/\/clairegentil.com\/wp-content\/uploads\/2019\/10\/IMG_3146-e1572365386370-768x1024.jpg\" alt=\"\" class=\"wp-image-389\" width=\"299\" height=\"398\" srcset=\"https:\/\/clairegentil.com\/wp-content\/uploads\/2019\/10\/IMG_3146-e1572365386370-768x1024.jpg 768w, https:\/\/clairegentil.com\/wp-content\/uploads\/2019\/10\/IMG_3146-e1572365386370-225x300.jpg 225w\" sizes=\"auto, (max-width: 299px) 100vw, 299px\" \/><\/figure><\/div>\n\n\n\n<p class=\"has-normal-font-size\">Avec la multitudes de stages, livres, vid\u00e9os, etc, nous sommes nombreux \u00e0 nous &nbsp;auto-soigner et c\u2019est g\u00e9nial car \u00e7a nous permet d\u2019avancer plus vite. Mais il arrive qu\u2019on tourne en rond, qu\u2019on ne prenne pas le temps, qu\u2019on procrastine ! <\/p>\n\n\n\n<p class=\"has-normal-font-size\">Les r\u00e9sistances et les sch\u00e9mas mentaux et \u00e9motionnels sont install\u00e9s depuis l&rsquo;enfance et renforc\u00e9s par notre environnement familial et professionnel.<\/p>\n\n\n\n<p class=\"has-normal-font-size\">Comme pour une activit\u00e9 sportive, une s\u00e9ance fait du bien mais ne suffit pas \u00e0 retrouver un corps \u00e9motionnel parfaitement harmonieux. <\/p>\n\n\n\n<p class=\"has-very-light-gray-color has-text-color has-background has-normal-font-size\" style=\"background-color:#0c4e6d\"><em>Choisir cet accompagnement c\u2019est vous offrir un moment pour vous, pour prendre soin des aspects de votre vie qui en ont besoin, vous donner un rendez-vous avec vous-m\u00eame tout au long de l\u2019ann\u00e9e.<\/em><\/p>\n\n\n\n<p>\u00a0\u00a0 \u00a0 \u00a0 \u00a0 \u00a0 \u00a0 \u00a0 \u00a0 \u00a0 \u00a0\u00a0<\/p>\n","protected":false},"excerpt":{"rendered":"<p>Par une vari\u00e9t\u00e9 d\u2019approches th\u00e9rapeutiques, choisies selon ce qui se pr\u00e9sente \u00e0 chaque s\u00e9ance, cet accompagnement holistique, s\u2019adresse \u00e0 l&rsquo;individu dans sa globalit\u00e9 : aussi bien au corps, \u00e0 l\u2019inconscient, aux \u00e9motions et au mental. A partir de ce qui est pr\u00e9sent \u00e0 la premi\u00e8re s\u00e9ance et de l\u2019identification de patterns r\u00e9currents, l\u2019accompagnement holistique permet [&hellip;]<\/p>\n","protected":false},"author":1,"featured_media":0,"parent":2,"menu_order":11,"comment_status":"closed","ping_status":"closed","template":"","meta":{"footnotes":""},"class_list":["post-627","page","type-page","status-publish","hentry"],"yoast_head":"<!-- This site is optimized with the Yoast SEO plugin v27.3 - https:\/\/yoast.com\/product\/yoast-seo-wordpress\/ -->\n<title>Accompagnement holistique - Claire Gentil<\/title>\n<meta name=\"robots\" content=\"index, follow, max-snippet:-1, max-image-preview:large, max-video-preview:-1\" \/>\n<link rel=\"canonical\" href=\"https:\/\/clairegentil.com\/index.php\/accueil\/accompagnement-holistique\/\" \/>\n<meta property=\"og:locale\" content=\"fr_FR\" \/>\n<meta property=\"og:type\" content=\"article\" \/>\n<meta property=\"og:title\" content=\"Accompagnement holistique - Claire Gentil\" \/>\n<meta property=\"og:description\" content=\"Par une vari\u00e9t\u00e9 d\u2019approches th\u00e9rapeutiques, choisies selon ce qui se pr\u00e9sente \u00e0 chaque s\u00e9ance, cet accompagnement holistique, s\u2019adresse \u00e0 l&rsquo;individu dans sa globalit\u00e9 : aussi bien au corps, \u00e0 l\u2019inconscient, aux \u00e9motions et au mental. A partir de ce qui est pr\u00e9sent \u00e0 la premi\u00e8re s\u00e9ance et de l\u2019identification de patterns r\u00e9currents, l\u2019accompagnement holistique permet [&hellip;]\" \/>\n<meta property=\"og:url\" content=\"https:\/\/clairegentil.com\/index.php\/accueil\/accompagnement-holistique\/\" \/>\n<meta property=\"og:site_name\" content=\"Claire Gentil\" \/>\n<meta property=\"article:publisher\" content=\"https:\/\/www.facebook.com\/claire.gentil.7\" \/>\n<meta property=\"article:modified_time\" content=\"2021-10-20T18:18:12+00:00\" \/>\n<meta property=\"og:image\" content=\"http:\/\/clairegentil.com\/wp-content\/uploads\/2019\/10\/P1210055-1-1024x989.jpeg\" \/>\n<meta name=\"twitter:card\" content=\"summary_large_image\" \/>\n<meta name=\"twitter:label1\" content=\"Dur\u00e9e de lecture estim\u00e9e\" \/>\n\t<meta name=\"twitter:data1\" content=\"1 minute\" \/>\n<script type=\"application\/ld+json\" class=\"yoast-schema-graph\">{\"@context\":\"https:\\\/\\\/schema.org\",\"@graph\":[{\"@type\":\"WebPage\",\"@id\":\"https:\\\/\\\/clairegentil.com\\\/index.php\\\/accueil\\\/accompagnement-holistique\\\/\",\"url\":\"https:\\\/\\\/clairegentil.com\\\/index.php\\\/accueil\\\/accompagnement-holistique\\\/\",\"name\":\"Accompagnement holistique - Claire Gentil\",\"isPartOf\":{\"@id\":\"https:\\\/\\\/clairegentil.com\\\/#website\"},\"primaryImageOfPage\":{\"@id\":\"https:\\\/\\\/clairegentil.com\\\/index.php\\\/accueil\\\/accompagnement-holistique\\\/#primaryimage\"},\"image\":{\"@id\":\"https:\\\/\\\/clairegentil.com\\\/index.php\\\/accueil\\\/accompagnement-holistique\\\/#primaryimage\"},\"thumbnailUrl\":\"http:\\\/\\\/clairegentil.com\\\/wp-content\\\/uploads\\\/2019\\\/10\\\/P1210055-1-1024x989.jpeg\",\"datePublished\":\"2021-10-20T18:15:48+00:00\",\"dateModified\":\"2021-10-20T18:18:12+00:00\",\"breadcrumb\":{\"@id\":\"https:\\\/\\\/clairegentil.com\\\/index.php\\\/accueil\\\/accompagnement-holistique\\\/#breadcrumb\"},\"inLanguage\":\"fr-FR\",\"potentialAction\":[{\"@type\":\"ReadAction\",\"target\":[\"https:\\\/\\\/clairegentil.com\\\/index.php\\\/accueil\\\/accompagnement-holistique\\\/\"]}]},{\"@type\":\"ImageObject\",\"inLanguage\":\"fr-FR\",\"@id\":\"https:\\\/\\\/clairegentil.com\\\/index.php\\\/accueil\\\/accompagnement-holistique\\\/#primaryimage\",\"url\":\"https:\\\/\\\/clairegentil.com\\\/wp-content\\\/uploads\\\/2019\\\/10\\\/P1210055-1.jpeg\",\"contentUrl\":\"https:\\\/\\\/clairegentil.com\\\/wp-content\\\/uploads\\\/2019\\\/10\\\/P1210055-1.jpeg\",\"width\":2461,\"height\":2376},{\"@type\":\"BreadcrumbList\",\"@id\":\"https:\\\/\\\/clairegentil.com\\\/index.php\\\/accueil\\\/accompagnement-holistique\\\/#breadcrumb\",\"itemListElement\":[{\"@type\":\"ListItem\",\"position\":1,\"name\":\"Accueil\",\"item\":\"https:\\\/\\\/clairegentil.com\\\/\"},{\"@type\":\"ListItem\",\"position\":2,\"name\":\"Retrouvez la joie, la souplesse et l&rsquo;\u00e9nergie qui sont en vous\",\"item\":\"https:\\\/\\\/clairegentil.com\\\/\"},{\"@type\":\"ListItem\",\"position\":3,\"name\":\"Accompagnement holistique\"}]},{\"@type\":\"WebSite\",\"@id\":\"https:\\\/\\\/clairegentil.com\\\/#website\",\"url\":\"https:\\\/\\\/clairegentil.com\\\/\",\"name\":\"Claire Gentil\",\"description\":\"Th\u00e9rapeute Energ\u00e9ticienne\",\"potentialAction\":[{\"@type\":\"SearchAction\",\"target\":{\"@type\":\"EntryPoint\",\"urlTemplate\":\"https:\\\/\\\/clairegentil.com\\\/?s={search_term_string}\"},\"query-input\":{\"@type\":\"PropertyValueSpecification\",\"valueRequired\":true,\"valueName\":\"search_term_string\"}}],\"inLanguage\":\"fr-FR\"}]}<\/script>\n<!-- \/ Yoast SEO plugin. -->","yoast_head_json":{"title":"Accompagnement holistique - Claire Gentil","robots":{"index":"index","follow":"follow","max-snippet":"max-snippet:-1","max-image-preview":"max-image-preview:large","max-video-preview":"max-video-preview:-1"},"canonical":"https:\/\/clairegentil.com\/index.php\/accueil\/accompagnement-holistique\/","og_locale":"fr_FR","og_type":"article","og_title":"Accompagnement holistique - Claire Gentil","og_description":"Par une vari\u00e9t\u00e9 d\u2019approches th\u00e9rapeutiques, choisies selon ce qui se pr\u00e9sente \u00e0 chaque s\u00e9ance, cet accompagnement holistique, s\u2019adresse \u00e0 l&rsquo;individu dans sa globalit\u00e9 : aussi bien au corps, \u00e0 l\u2019inconscient, aux \u00e9motions et au mental. A partir de ce qui est pr\u00e9sent \u00e0 la premi\u00e8re s\u00e9ance et de l\u2019identification de patterns r\u00e9currents, l\u2019accompagnement holistique permet [&hellip;]","og_url":"https:\/\/clairegentil.com\/index.php\/accueil\/accompagnement-holistique\/","og_site_name":"Claire Gentil","article_publisher":"https:\/\/www.facebook.com\/claire.gentil.7","article_modified_time":"2021-10-20T18:18:12+00:00","og_image":[{"url":"http:\/\/clairegentil.com\/wp-content\/uploads\/2019\/10\/P1210055-1-1024x989.jpeg","type":"","width":"","height":""}],"twitter_card":"summary_large_image","twitter_misc":{"Dur\u00e9e de lecture estim\u00e9e":"1 minute"},"schema":{"@context":"https:\/\/schema.org","@graph":[{"@type":"WebPage","@id":"https:\/\/clairegentil.com\/index.php\/accueil\/accompagnement-holistique\/","url":"https:\/\/clairegentil.com\/index.php\/accueil\/accompagnement-holistique\/","name":"Accompagnement holistique - Claire Gentil","isPartOf":{"@id":"https:\/\/clairegentil.com\/#website"},"primaryImageOfPage":{"@id":"https:\/\/clairegentil.com\/index.php\/accueil\/accompagnement-holistique\/#primaryimage"},"image":{"@id":"https:\/\/clairegentil.com\/index.php\/accueil\/accompagnement-holistique\/#primaryimage"},"thumbnailUrl":"http:\/\/clairegentil.com\/wp-content\/uploads\/2019\/10\/P1210055-1-1024x989.jpeg","datePublished":"2021-10-20T18:15:48+00:00","dateModified":"2021-10-20T18:18:12+00:00","breadcrumb":{"@id":"https:\/\/clairegentil.com\/index.php\/accueil\/accompagnement-holistique\/#breadcrumb"},"inLanguage":"fr-FR","potentialAction":[{"@type":"ReadAction","target":["https:\/\/clairegentil.com\/index.php\/accueil\/accompagnement-holistique\/"]}]},{"@type":"ImageObject","inLanguage":"fr-FR","@id":"https:\/\/clairegentil.com\/index.php\/accueil\/accompagnement-holistique\/#primaryimage","url":"https:\/\/clairegentil.com\/wp-content\/uploads\/2019\/10\/P1210055-1.jpeg","contentUrl":"https:\/\/clairegentil.com\/wp-content\/uploads\/2019\/10\/P1210055-1.jpeg","width":2461,"height":2376},{"@type":"BreadcrumbList","@id":"https:\/\/clairegentil.com\/index.php\/accueil\/accompagnement-holistique\/#breadcrumb","itemListElement":[{"@type":"ListItem","position":1,"name":"Accueil","item":"https:\/\/clairegentil.com\/"},{"@type":"ListItem","position":2,"name":"Retrouvez la joie, la souplesse et l&rsquo;\u00e9nergie qui sont en vous","item":"https:\/\/clairegentil.com\/"},{"@type":"ListItem","position":3,"name":"Accompagnement holistique"}]},{"@type":"WebSite","@id":"https:\/\/clairegentil.com\/#website","url":"https:\/\/clairegentil.com\/","name":"Claire Gentil","description":"Th\u00e9rapeute Energ\u00e9ticienne","potentialAction":[{"@type":"SearchAction","target":{"@type":"EntryPoint","urlTemplate":"https:\/\/clairegentil.com\/?s={search_term_string}"},"query-input":{"@type":"PropertyValueSpecification","valueRequired":true,"valueName":"search_term_string"}}],"inLanguage":"fr-FR"}]}},"_links":{"self":[{"href":"https:\/\/clairegentil.com\/index.php\/wp-json\/wp\/v2\/pages\/627","targetHints":{"allow":["GET"]}}],"collection":[{"href":"https:\/\/clairegentil.com\/index.php\/wp-json\/wp\/v2\/pages"}],"about":[{"href":"https:\/\/clairegentil.com\/index.php\/wp-json\/wp\/v2\/types\/page"}],"author":[{"embeddable":true,"href":"https:\/\/clairegentil.com\/index.php\/wp-json\/wp\/v2\/users\/1"}],"replies":[{"embeddable":true,"href":"https:\/\/clairegentil.com\/index.php\/wp-json\/wp\/v2\/comments?post=627"}],"version-history":[{"count":4,"href":"https:\/\/clairegentil.com\/index.php\/wp-json\/wp\/v2\/pages\/627\/revisions"}],"predecessor-version":[{"id":814,"href":"https:\/\/clairegentil.com\/index.php\/wp-json\/wp\/v2\/pages\/627\/revisions\/814"}],"up":[{"embeddable":true,"href":"https:\/\/clairegentil.com\/index.php\/wp-json\/wp\/v2\/pages\/2"}],"wp:attachment":[{"href":"https:\/\/clairegentil.com\/index.php\/wp-json\/wp\/v2\/media?parent=627"}],"curies":[{"name":"wp","href":"https:\/\/api.w.org\/{rel}","templated":true}]}}