{"id":60,"date":"2019-08-09T22:50:10","date_gmt":"2019-08-09T20:50:10","guid":{"rendered":"http:\/\/clairegentil.com\/?page_id=60"},"modified":"2022-06-17T15:25:50","modified_gmt":"2022-06-17T13:25:50","slug":"temoignages","status":"publish","type":"page","link":"https:\/\/clairegentil.com\/index.php\/temoignages\/","title":{"rendered":"T\u00e9moignages"},"content":{"rendered":"\n<h2 class=\"wp-block-heading\">Constellations Familliales<\/h2>\n\n\n\n<p class=\"has-very-light-gray-color has-text-color has-background\" style=\"background-color:#4f932b\"><em>J&rsquo;ai particip\u00e9 \u00e0 un we de formation chez Claire que je ne connaissais pas. J&rsquo;ai \u00e9t\u00e9 stup\u00e9fi\u00e9 par la constellation familiale et sa puissance apr\u00e8s coup&#8230;Ma fille s&rsquo;est transform\u00e9e et la Paix r\u00e8gne \u00e0 la maison&#8230;la Paix et l&rsquo;Amour ! Elle se sent vraiment mieux et nous avec..Tout a boug\u00e9, en bien!<\/em><br><em>Habitu\u00e9 aux formations, j&rsquo;ai pu voir le professionnalisme et la bienveillance de Claire qui sait : cadrer, rebondir et nous permettre de nous d\u00e9passer. Une vraie pro dans un domaine o\u00f9 c&rsquo;est parfois la foire. Merci mille fois!<\/em><\/p>\n\n\n\n<p class=\"has-very-light-gray-color has-luminous-vivid-amber-background-color has-text-color has-background\"><em><span class=\"tadv-color\" style=\"color:#781c1c\">Les constellations anim\u00e9es par Claire sont toujours riches d\u2019enseignements. Le lieu est chaleureux, accueillant et Claire accompagne avec justesse et intuition. On en ressort troubl\u00e9 par tant de d\u00e9couvertes, de cl\u00e9s sur sa propre histoire qu\u2019on soit repr\u00e9sentant ou constell\u00e9. <\/span><\/em><\/p>\n\n\n\n<h2 class=\"wp-block-heading\">Lib\u00e9ration de m\u00e9moires \u00e9motionnelles <\/h2>\n\n\n\n<p class=\"has-background\" style=\"background-color:#4f932b\"><em><span style=\"color:#eeeeee\" class=\"tadv-color\">Sur le plan professionnel, l\u00e0 ou j&rsquo;avais l&rsquo;impression de me sentir oppress\u00e9e \u00e0 certains rendez-vous, je ressens que je suis plus centr\u00e9e et ancr\u00e9e qu&rsquo;avant. Cette sensation d&rsquo;agression et d&rsquo;agitation du coeur semble avoir disparue depuis<\/span><\/em><span style=\"color:#eeeeee\" class=\"tadv-color\">.<\/span><em><span style=\"color:#eeeeee\" class=\"tadv-color\"> C&rsquo;est un soulagement pour moi de pouvoir continuer \u00e0 d\u00e9velopper mon activit\u00e9 dans ces conditions. Tr\u00e8s bonne exp\u00e9rience ! <\/span><\/em><\/p>\n\n\n\n<p class=\"has-very-light-gray-color has-luminous-vivid-amber-background-color has-text-color has-background\"><em><span style=\"color:#781c1c\" class=\"tadv-color\">Plus les semaines passaient et plus je sentais que j&rsquo;\u00e9tais centr\u00e9e et mes peurs morbides qui venaient de l&rsquo;ext\u00e9rieur ont disparues. Si j&rsquo;ai des peurs parfois, je sent que \u00e7a vient de moi et ca reste leger contrairement \u00e0 avant. Je suis convaincue cette s\u00e9ance a permis de calmer la petite temp\u00eate au niveau de ma t\u00eate.&nbsp;<\/span><\/em><\/p>\n\n\n\n<p class=\"has-background\" style=\"background-color:#07709d\"><span class=\"tadv-color\"><font color=\"#eeeeee\"><span><span><span><i>Le lendemain j&rsquo;ai pass\u00e9 une journ\u00e9e comme cela ne m&rsquo;\u00e9tait pas arriv\u00e9 depuis vraiment longtemps, j&rsquo;ai eu l&rsquo;impression d&rsquo;\u00eatre \u00e0 nouveau moi ! Enthousiaste, joyeuse, \u00e9nergique, entreprenante &#8230; Cela me fait un bien immense, je n&rsquo;ai plus ce poids de 15 tonnes qui m&rsquo;accablait moralement et physiquement. <\/i><\/span><\/span><\/span><\/font><\/span><\/p>\n\n\n\n<p class=\"has-very-light-gray-color has-text-color has-background\" style=\"background-color:#4f932b\"><em>Je me sent vraiment de mieux en mieux et les relations un peu tendues dont avions parl\u00e9 r\u00e9cemment se sont vraiment apais\u00e9es. Merci pour ce que vous me rappel et m&rsquo;apportez. Je suis contente car j&rsquo;ai exprim\u00e9 calmement ce que j&rsquo;avais a exprimer. C&rsquo;est plus en phase avec mon coeur et mon \u00e2me. <\/em><\/p>\n\n\n\n<p class=\"has-luminous-vivid-amber-background-color has-background\"><em>J\u2019ai consult\u00e9 Claire \u00e0 un moment o\u00f9 je traversais une p\u00e9riode de deuil tr\u00e8s difficile \u00e0 vivre. J\u2019\u00e9tais perdue, an\u00e9antie (car la perte de ma maman avait \u00e9t\u00e9 subie). J\u2019\u00e9tais \u00ab \u00e0 cot\u00e9 de mes pompes \u00bb. J\u2019ai d\u00e9cid\u00e9 de r\u00e9agir. Claire a su identifier imm\u00e9diatement les causes de ce mal-\u00eatre et a su en quelques gestes r\u00e9harmoniser mes \u00e9nergies pour aller de l\u2019avant. Au del\u00e0 de ses talents, c\u2019est aussi sa gentillesse, son approche et sa douceur que j\u2019ai beaucoup appr\u00e9ci\u00e9s \u00e0 ce moment si \u00e9motionnel pour moi. Un grand merci Claire ! \u00bb<\/em><\/p>\n\n\n\n<p class=\"has-very-light-gray-color has-text-color has-background\" style=\"background-color:#4f932b\"><em>Au niveau sentimental, mes blessures se posent et se reposent. Il y a quelquechose de plus doux et de diff\u00e9rent qui s&rsquo;apaise en moi. Je crois que je commence enfin \u00e0 l\u00e2cher et \u00e0 m&rsquo;en remettre \u00e0 la vie pour la suite.<\/em><\/p>\n\n\n\n<p class=\"has-luminous-vivid-amber-background-color has-background\"><em> 1000 merci, j&rsquo;adore ces moments avec toi dans la douceur et la confiance.<\/em><\/p>\n\n\n\n<p class=\"has-background\" style=\"background-color:#07709d\"><span class=\"tadv-color\"><font color=\"#eeeeee\"><span><i>Cette s\u00e9ance m&rsquo;a fait beaucoup de bien, je n&rsquo;ai pas encore de r\u00e9ponse sur comment mon activit\u00e9 va \u00e9voluer mais j&rsquo;ai retrouv\u00e9 une belle dynamique et je sens que mon esprit est pleinement investit l\u00e0 dessus. Ca me rend plus confiante<\/i><\/span><\/font><\/span><\/p>\n\n\n\n<h2 class=\"wp-block-heading\">Soin \u00e9nerg\u00e9tique sur table <\/h2>\n\n\n\n<p class=\"has-background\" style=\"background-color:#07709d\"><span class=\"tadv-color\"><font color=\"#eeeeee\"><span><i>Merci beaucoup pour la s\u00e9ance <\/i><\/span><\/font><\/span><span style=\"color:#eeeeee\" class=\"tadv-color\"><em>d&rsquo;hier. Je n&rsquo;en revient toujours pas. Je laisse mon coeur sentir les choses.<\/em><\/span> <span style=\"color:#eeeeee\" class=\"tadv-color\"><em>C&rsquo;est fou &#8230; mais j&rsquo;observe que je suis d\u00e9j\u00e0 plus sereine et je reprend mes esprits malgr\u00e9 la charge de travail que je dois g\u00e9rer&#8230; je g\u00e8re en toute tranquillit\u00e9 et la condensation de nuages noirs qui a assombrie mon ciel et mon moral ces derniers jours a compl\u00e8tement disparue.<\/em><\/span><\/p>\n\n\n\n<p class=\"has-very-dark-gray-color has-luminous-vivid-amber-background-color has-text-color has-background\"><em><span style=\"color:#781c1c\" class=\"tadv-color\">Je vais de mieux en mieux.&nbsp;J\u2019arrive \u00e0 passer \u00e0 l\u2019action de plus en plus rapidement et je prends vraiment bien soin de mon corps et de ma sant\u00e9, en fait je sens de mani\u00e8re intuitive ce qu\u2019il me faut faire. Mes intuitions se sont d\u00e9velopp\u00e9es et c\u2019est fluide. Ce qui \u00e9tait encore bloquant m\u2019appara\u00eet afin que je puisse le solutionner.&nbsp;C\u2019est vraiment plus facile,&nbsp; comme un jeu au quotidien.&nbsp;Je vous remercie \u00e0 nouveau pour votre aide pr\u00e9cieuse<\/span><\/em><span style=\"color:#6f1919\" class=\"tadv-color\">. <\/span><\/p>\n\n\n\n<p class=\"has-very-light-gray-color has-text-color has-background\" style=\"background-color:#07709d\"><em>\u00ab Quelques heures apr\u00e8s une s\u00e9ance de Tui na, et alors que je me sentais tr\u00e8s fatigu\u00e9e en arrivant, Claire a su me rebooster. Je me sentais incroyablement bien et dynamique, comme soulag\u00e9e d\u2019un poids sur mes \u00e9paules ! Un immense merci du fond du coeur pour m\u2019avoir redonn\u00e9 mon \u00e9nergie ! C\u2019\u00e9tait bluffant !\u00a0\u00bb<\/em><\/p>\n\n\n\n<p class=\"has-luminous-vivid-amber-color has-text-color has-background\" style=\"background-color:#4f932b\"><em><span style=\"color:#eeeeee\" class=\"tadv-color\">J\u2019avais des douleurs abdominales qui ont disparu. Je trouve que j\u2019ai meilleure mine et n\u2019ai plus une t\u00eate de d\u00e9terr\u00e9e.<\/span><\/em><\/p>\n\n\n\n<p class=\"has-background\" style=\"background-color:#07709d\"><em><span style=\"color:#eeeeee\" class=\"tadv-color\">Plein de merci pour cette s\u00e9ance ! Depuis j\u2019ai pratiqu\u00e9 aujourd hui et hier avec bcp de l\u00e9g\u00e8ret\u00e9 et de joie !! Et je sais qu\u2019il s\u2019est pass\u00e9 quelque chose.<\/span><\/em><\/p>\n\n\n\n<p class=\"has-very-light-gray-color has-luminous-vivid-amber-background-color has-text-color has-background\"><em><span style=\"color:#781c1c\" class=\"tadv-color\">Un immense merci pour ce moment de d\u00e9tente totale ; mon corps est tout harmonieux et je me sens vraiment zen ! Tu as des mains magiques.&nbsp;<\/span><\/em><\/p>\n\n\n\n<p class=\"has-very-light-gray-color has-text-color has-background\" style=\"background-color:#4f932b\"><em>La premi\u00e8re fois, je suis venue un peu par hasard. Depuis je ressens le besoin de venir. <\/em><br><em>Deux, trois, quatre fois par an, je sais que tu vas me faire du bien. Cette derni\u00e8re s\u00e9ance a \u00e9t\u00e9 incroyable, Je me sens nettoy\u00e9e, je me retrouve.<br>C&rsquo;est marrant je pensais seulement \u00eatre un peu d\u00e9sax\u00e9e et je ressors de chez toi en pleine forme, en pleine possession de mes moyens. Mon esprit va plus vite, je dors comme un b\u00e9b\u00e9. Je suis \u00e0 l&rsquo;\u00e9coute des autres. Je ressens mieux ce qui m&rsquo;entoure.<\/em> <\/p>\n\n\n\n<p class=\"has-background\" style=\"background-color:#07709d\"><span class=\"tadv-color\"><font color=\"#eeeeee\"><i>Je me sent beaucoup mieux. La boule que je sentais <\/i><span style=\"caret-color: rgb(238, 238, 238);\"><i>dan<\/i><\/span>s <em>mon ventre a disparue. Je ne m&rsquo;\u00e9nerve plus sur mes enfants !<\/em><\/font><\/span><\/p>\n\n\n\n<p class=\"has-text-align-center\"><\/p>\n","protected":false},"excerpt":{"rendered":"<p>Constellations Familliales J&rsquo;ai particip\u00e9 \u00e0 un we de formation chez Claire que je ne connaissais pas. J&rsquo;ai \u00e9t\u00e9 stup\u00e9fi\u00e9 par la constellation familiale et sa puissance apr\u00e8s coup&#8230;Ma fille s&rsquo;est transform\u00e9e et la Paix r\u00e8gne \u00e0 la maison&#8230;la Paix et l&rsquo;Amour ! Elle se sent vraiment mieux et nous avec..Tout a boug\u00e9, en bien!Habitu\u00e9 aux [&hellip;]<\/p>\n","protected":false},"author":1,"featured_media":0,"parent":0,"menu_order":4,"comment_status":"closed","ping_status":"closed","template":"","meta":{"footnotes":""},"class_list":["post-60","page","type-page","status-publish","hentry"],"yoast_head":"<!-- This site is optimized with the Yoast SEO plugin v27.6 - https:\/\/yoast.com\/product\/yoast-seo-wordpress\/ -->\n<title>T\u00e9moignages - Claire Gentil<\/title>\n<meta name=\"description\" content=\"Je n&#039;en revient toujours pas. Je laisse mon coeur sentir les choses. C&#039;est fou ... mais j&#039;observe que je suis d\u00e9j\u00e0 plus sereine et je reprend mes esprits malgr\u00e9 la charge de travail que je dois g\u00e9rer... je g\u00e8re en toute tranquillit\u00e9 et la condensation de nuages noirs qui a assombrie mon ciel et mon moral ces derniers jours a compl\u00e8tement disparue.\" \/>\n<meta name=\"robots\" content=\"index, follow, max-snippet:-1, max-image-preview:large, max-video-preview:-1\" \/>\n<link rel=\"canonical\" href=\"https:\/\/clairegentil.com\/index.php\/temoignages\/\" \/>\n<meta property=\"og:locale\" content=\"fr_FR\" \/>\n<meta property=\"og:type\" content=\"article\" \/>\n<meta property=\"og:title\" content=\"T\u00e9moignages - Claire Gentil\" \/>\n<meta property=\"og:description\" content=\"Je n&#039;en revient toujours pas. Je laisse mon coeur sentir les choses. C&#039;est fou ... mais j&#039;observe que je suis d\u00e9j\u00e0 plus sereine et je reprend mes esprits malgr\u00e9 la charge de travail que je dois g\u00e9rer... je g\u00e8re en toute tranquillit\u00e9 et la condensation de nuages noirs qui a assombrie mon ciel et mon moral ces derniers jours a compl\u00e8tement disparue.\" \/>\n<meta property=\"og:url\" content=\"https:\/\/clairegentil.com\/index.php\/temoignages\/\" \/>\n<meta property=\"og:site_name\" content=\"Claire Gentil\" \/>\n<meta property=\"article:publisher\" content=\"https:\/\/www.facebook.com\/claire.gentil.7\" \/>\n<meta property=\"article:modified_time\" content=\"2022-06-17T13:25:50+00:00\" \/>\n<meta name=\"twitter:card\" content=\"summary_large_image\" \/>\n<meta name=\"twitter:label1\" content=\"Dur\u00e9e de lecture estim\u00e9e\" \/>\n\t<meta name=\"twitter:data1\" content=\"5 minutes\" \/>\n<script type=\"application\/ld+json\" class=\"yoast-schema-graph\">{\"@context\":\"https:\\\/\\\/schema.org\",\"@graph\":[{\"@type\":\"WebPage\",\"@id\":\"https:\\\/\\\/clairegentil.com\\\/index.php\\\/temoignages\\\/\",\"url\":\"https:\\\/\\\/clairegentil.com\\\/index.php\\\/temoignages\\\/\",\"name\":\"T\u00e9moignages - Claire Gentil\",\"isPartOf\":{\"@id\":\"https:\\\/\\\/clairegentil.com\\\/#website\"},\"datePublished\":\"2019-08-09T20:50:10+00:00\",\"dateModified\":\"2022-06-17T13:25:50+00:00\",\"description\":\"Je n'en revient toujours pas. Je laisse mon coeur sentir les choses. C'est fou ... mais j'observe que je suis d\u00e9j\u00e0 plus sereine et je reprend mes esprits malgr\u00e9 la charge de travail que je dois g\u00e9rer... je g\u00e8re en toute tranquillit\u00e9 et la condensation de nuages noirs qui a assombrie mon ciel et mon moral ces derniers jours a compl\u00e8tement disparue.\",\"breadcrumb\":{\"@id\":\"https:\\\/\\\/clairegentil.com\\\/index.php\\\/temoignages\\\/#breadcrumb\"},\"inLanguage\":\"fr-FR\",\"potentialAction\":[{\"@type\":\"ReadAction\",\"target\":[\"https:\\\/\\\/clairegentil.com\\\/index.php\\\/temoignages\\\/\"]}]},{\"@type\":\"BreadcrumbList\",\"@id\":\"https:\\\/\\\/clairegentil.com\\\/index.php\\\/temoignages\\\/#breadcrumb\",\"itemListElement\":[{\"@type\":\"ListItem\",\"position\":1,\"name\":\"Accueil\",\"item\":\"https:\\\/\\\/clairegentil.com\\\/\"},{\"@type\":\"ListItem\",\"position\":2,\"name\":\"T\u00e9moignages\"}]},{\"@type\":\"WebSite\",\"@id\":\"https:\\\/\\\/clairegentil.com\\\/#website\",\"url\":\"https:\\\/\\\/clairegentil.com\\\/\",\"name\":\"Claire Gentil\",\"description\":\"Th\u00e9rapeute Energ\u00e9ticienne\",\"potentialAction\":[{\"@type\":\"SearchAction\",\"target\":{\"@type\":\"EntryPoint\",\"urlTemplate\":\"https:\\\/\\\/clairegentil.com\\\/?s={search_term_string}\"},\"query-input\":{\"@type\":\"PropertyValueSpecification\",\"valueRequired\":true,\"valueName\":\"search_term_string\"}}],\"inLanguage\":\"fr-FR\"}]}<\/script>\n<!-- \/ Yoast SEO plugin. -->","yoast_head_json":{"title":"T\u00e9moignages - Claire Gentil","description":"Je n'en revient toujours pas. Je laisse mon coeur sentir les choses. C'est fou ... mais j'observe que je suis d\u00e9j\u00e0 plus sereine et je reprend mes esprits malgr\u00e9 la charge de travail que je dois g\u00e9rer... je g\u00e8re en toute tranquillit\u00e9 et la condensation de nuages noirs qui a assombrie mon ciel et mon moral ces derniers jours a compl\u00e8tement disparue.","robots":{"index":"index","follow":"follow","max-snippet":"max-snippet:-1","max-image-preview":"max-image-preview:large","max-video-preview":"max-video-preview:-1"},"canonical":"https:\/\/clairegentil.com\/index.php\/temoignages\/","og_locale":"fr_FR","og_type":"article","og_title":"T\u00e9moignages - Claire Gentil","og_description":"Je n'en revient toujours pas. Je laisse mon coeur sentir les choses. C'est fou ... mais j'observe que je suis d\u00e9j\u00e0 plus sereine et je reprend mes esprits malgr\u00e9 la charge de travail que je dois g\u00e9rer... je g\u00e8re en toute tranquillit\u00e9 et la condensation de nuages noirs qui a assombrie mon ciel et mon moral ces derniers jours a compl\u00e8tement disparue.","og_url":"https:\/\/clairegentil.com\/index.php\/temoignages\/","og_site_name":"Claire Gentil","article_publisher":"https:\/\/www.facebook.com\/claire.gentil.7","article_modified_time":"2022-06-17T13:25:50+00:00","twitter_card":"summary_large_image","twitter_misc":{"Dur\u00e9e de lecture estim\u00e9e":"5 minutes"},"schema":{"@context":"https:\/\/schema.org","@graph":[{"@type":"WebPage","@id":"https:\/\/clairegentil.com\/index.php\/temoignages\/","url":"https:\/\/clairegentil.com\/index.php\/temoignages\/","name":"T\u00e9moignages - Claire Gentil","isPartOf":{"@id":"https:\/\/clairegentil.com\/#website"},"datePublished":"2019-08-09T20:50:10+00:00","dateModified":"2022-06-17T13:25:50+00:00","description":"Je n'en revient toujours pas. Je laisse mon coeur sentir les choses. C'est fou ... mais j'observe que je suis d\u00e9j\u00e0 plus sereine et je reprend mes esprits malgr\u00e9 la charge de travail que je dois g\u00e9rer... je g\u00e8re en toute tranquillit\u00e9 et la condensation de nuages noirs qui a assombrie mon ciel et mon moral ces derniers jours a compl\u00e8tement disparue.","breadcrumb":{"@id":"https:\/\/clairegentil.com\/index.php\/temoignages\/#breadcrumb"},"inLanguage":"fr-FR","potentialAction":[{"@type":"ReadAction","target":["https:\/\/clairegentil.com\/index.php\/temoignages\/"]}]},{"@type":"BreadcrumbList","@id":"https:\/\/clairegentil.com\/index.php\/temoignages\/#breadcrumb","itemListElement":[{"@type":"ListItem","position":1,"name":"Accueil","item":"https:\/\/clairegentil.com\/"},{"@type":"ListItem","position":2,"name":"T\u00e9moignages"}]},{"@type":"WebSite","@id":"https:\/\/clairegentil.com\/#website","url":"https:\/\/clairegentil.com\/","name":"Claire Gentil","description":"Th\u00e9rapeute Energ\u00e9ticienne","potentialAction":[{"@type":"SearchAction","target":{"@type":"EntryPoint","urlTemplate":"https:\/\/clairegentil.com\/?s={search_term_string}"},"query-input":{"@type":"PropertyValueSpecification","valueRequired":true,"valueName":"search_term_string"}}],"inLanguage":"fr-FR"}]}},"_links":{"self":[{"href":"https:\/\/clairegentil.com\/index.php\/wp-json\/wp\/v2\/pages\/60","targetHints":{"allow":["GET"]}}],"collection":[{"href":"https:\/\/clairegentil.com\/index.php\/wp-json\/wp\/v2\/pages"}],"about":[{"href":"https:\/\/clairegentil.com\/index.php\/wp-json\/wp\/v2\/types\/page"}],"author":[{"embeddable":true,"href":"https:\/\/clairegentil.com\/index.php\/wp-json\/wp\/v2\/users\/1"}],"replies":[{"embeddable":true,"href":"https:\/\/clairegentil.com\/index.php\/wp-json\/wp\/v2\/comments?post=60"}],"version-history":[{"count":30,"href":"https:\/\/clairegentil.com\/index.php\/wp-json\/wp\/v2\/pages\/60\/revisions"}],"predecessor-version":[{"id":987,"href":"https:\/\/clairegentil.com\/index.php\/wp-json\/wp\/v2\/pages\/60\/revisions\/987"}],"wp:attachment":[{"href":"https:\/\/clairegentil.com\/index.php\/wp-json\/wp\/v2\/media?parent=60"}],"curies":[{"name":"wp","href":"https:\/\/api.w.org\/{rel}","templated":true}]}}