{"id":47,"date":"2019-08-09T22:43:53","date_gmt":"2019-08-09T20:43:53","guid":{"rendered":"http:\/\/clairegentil.com\/?page_id=47"},"modified":"2026-02-17T16:56:22","modified_gmt":"2026-02-17T15:56:22","slug":"infos-pratiques","status":"publish","type":"page","link":"https:\/\/clairegentil.com\/index.php\/infos-pratiques\/","title":{"rendered":"Infos pratiques"},"content":{"rendered":"\n<h3 class=\"wp-block-heading\"><strong>Rendez-Vous<\/strong><\/h3>\n\n\n\n<p>Agenda <strong><a href=\"https:\/\/calendly.com\/clairegentil\/seance\"><mark style=\"background-color:rgba(0, 0, 0, 0)\" class=\"has-inline-color has-vivid-green-cyan-color\">en ligne<\/mark><\/a> ou message texte au 06 20 24 35 46<\/strong> <br>N&rsquo;h\u00e9sitez pas \u00e0 t\u00e9l\u00e9phoner pour plus d&rsquo;informations si vous avez des questions<\/p>\n\n\n\n<h3 class=\"wp-block-heading\"><strong>Lieu des s\u00e9ances et ateliers <\/strong><\/h3>\n\n\n\n<p><strong>Paris 11e<\/strong> &#8211; M\u00e9tro Faidherbe Chaligny (ligne 8) ou Reuilly Diderot (ligne 1)<br>L<em>e<\/em>s<em>&nbsp;<\/em>s\u00e9ances <a href=\"https:\/\/clairegentil.com\/index.php\/accueil\/ame\/\">d&rsquo;accompagnement<\/a> \u00e9nerg\u00e9tique&nbsp;peuvent aussi se faire \u00e0 distance (skipe \/WhatsApp)<\/p>\n\n\n\n<h3 class=\"wp-block-heading\"><strong>Tarifs *<\/strong><\/h3>\n\n\n\n<p>S\u00e9ances individuelles : 90 euros jusqu&rsquo;\u00e0 1h30<br>Constellations familliales : 90 euros pour les constell\u00e9s et 40 euros pour les repr\u00e9sentants pour une soir\u00e9e ou une apr\u00e8s-midi. 120 euros\/ 80 euros pour une journ\u00e9e.<br>* Faibles revenus, paiement en conscience<\/p>\n","protected":false},"excerpt":{"rendered":"<p>Rendez-Vous Agenda en ligne ou message texte au 06 20 24 35 46 N&rsquo;h\u00e9sitez pas \u00e0 t\u00e9l\u00e9phoner pour plus d&rsquo;informations si vous avez des questions Lieu des s\u00e9ances et ateliers Paris 11e &#8211; M\u00e9tro Faidherbe Chaligny (ligne 8) ou Reuilly Diderot (ligne 1)Les&nbsp;s\u00e9ances d&rsquo;accompagnement \u00e9nerg\u00e9tique&nbsp;peuvent aussi se faire \u00e0 distance (skipe \/WhatsApp) Tarifs * S\u00e9ances [&hellip;]<\/p>\n","protected":false},"author":1,"featured_media":0,"parent":0,"menu_order":2,"comment_status":"closed","ping_status":"closed","template":"","meta":{"footnotes":""},"class_list":["post-47","page","type-page","status-publish","hentry"],"yoast_head":"<!-- This site is optimized with the Yoast SEO plugin v27.4 - https:\/\/yoast.com\/product\/yoast-seo-wordpress\/ -->\n<title>Infos pratiques - Claire Gentil<\/title>\n<meta name=\"robots\" content=\"index, follow, max-snippet:-1, max-image-preview:large, max-video-preview:-1\" \/>\n<link rel=\"canonical\" href=\"https:\/\/clairegentil.com\/index.php\/infos-pratiques\/\" \/>\n<meta property=\"og:locale\" content=\"fr_FR\" \/>\n<meta property=\"og:type\" content=\"article\" \/>\n<meta property=\"og:title\" content=\"Infos pratiques - Claire Gentil\" \/>\n<meta property=\"og:description\" content=\"Rendez-Vous Agenda en ligne ou message texte au 06 20 24 35 46 N&rsquo;h\u00e9sitez pas \u00e0 t\u00e9l\u00e9phoner pour plus d&rsquo;informations si vous avez des questions Lieu des s\u00e9ances et ateliers Paris 11e &#8211; M\u00e9tro Faidherbe Chaligny (ligne 8) ou Reuilly Diderot (ligne 1)Les&nbsp;s\u00e9ances d&rsquo;accompagnement \u00e9nerg\u00e9tique&nbsp;peuvent aussi se faire \u00e0 distance (skipe \/WhatsApp) Tarifs * S\u00e9ances [&hellip;]\" \/>\n<meta property=\"og:url\" content=\"https:\/\/clairegentil.com\/index.php\/infos-pratiques\/\" \/>\n<meta property=\"og:site_name\" content=\"Claire Gentil\" \/>\n<meta property=\"article:publisher\" content=\"https:\/\/www.facebook.com\/claire.gentil.7\" \/>\n<meta property=\"article:modified_time\" content=\"2026-02-17T15:56:22+00:00\" \/>\n<meta name=\"twitter:card\" content=\"summary_large_image\" \/>\n<meta name=\"twitter:label1\" content=\"Dur\u00e9e de lecture estim\u00e9e\" \/>\n\t<meta name=\"twitter:data1\" content=\"4 minutes\" \/>\n<script type=\"application\/ld+json\" class=\"yoast-schema-graph\">{\"@context\":\"https:\\\/\\\/schema.org\",\"@graph\":[{\"@type\":\"WebPage\",\"@id\":\"https:\\\/\\\/clairegentil.com\\\/index.php\\\/infos-pratiques\\\/\",\"url\":\"https:\\\/\\\/clairegentil.com\\\/index.php\\\/infos-pratiques\\\/\",\"name\":\"Infos pratiques - Claire Gentil\",\"isPartOf\":{\"@id\":\"https:\\\/\\\/clairegentil.com\\\/#website\"},\"datePublished\":\"2019-08-09T20:43:53+00:00\",\"dateModified\":\"2026-02-17T15:56:22+00:00\",\"breadcrumb\":{\"@id\":\"https:\\\/\\\/clairegentil.com\\\/index.php\\\/infos-pratiques\\\/#breadcrumb\"},\"inLanguage\":\"fr-FR\",\"potentialAction\":[{\"@type\":\"ReadAction\",\"target\":[\"https:\\\/\\\/clairegentil.com\\\/index.php\\\/infos-pratiques\\\/\"]}]},{\"@type\":\"BreadcrumbList\",\"@id\":\"https:\\\/\\\/clairegentil.com\\\/index.php\\\/infos-pratiques\\\/#breadcrumb\",\"itemListElement\":[{\"@type\":\"ListItem\",\"position\":1,\"name\":\"Accueil\",\"item\":\"https:\\\/\\\/clairegentil.com\\\/\"},{\"@type\":\"ListItem\",\"position\":2,\"name\":\"Infos pratiques\"}]},{\"@type\":\"WebSite\",\"@id\":\"https:\\\/\\\/clairegentil.com\\\/#website\",\"url\":\"https:\\\/\\\/clairegentil.com\\\/\",\"name\":\"Claire Gentil\",\"description\":\"Th\u00e9rapeute Energ\u00e9ticienne\",\"potentialAction\":[{\"@type\":\"SearchAction\",\"target\":{\"@type\":\"EntryPoint\",\"urlTemplate\":\"https:\\\/\\\/clairegentil.com\\\/?s={search_term_string}\"},\"query-input\":{\"@type\":\"PropertyValueSpecification\",\"valueRequired\":true,\"valueName\":\"search_term_string\"}}],\"inLanguage\":\"fr-FR\"}]}<\/script>\n<!-- \/ Yoast SEO plugin. -->","yoast_head_json":{"title":"Infos pratiques - Claire Gentil","robots":{"index":"index","follow":"follow","max-snippet":"max-snippet:-1","max-image-preview":"max-image-preview:large","max-video-preview":"max-video-preview:-1"},"canonical":"https:\/\/clairegentil.com\/index.php\/infos-pratiques\/","og_locale":"fr_FR","og_type":"article","og_title":"Infos pratiques - Claire Gentil","og_description":"Rendez-Vous Agenda en ligne ou message texte au 06 20 24 35 46 N&rsquo;h\u00e9sitez pas \u00e0 t\u00e9l\u00e9phoner pour plus d&rsquo;informations si vous avez des questions Lieu des s\u00e9ances et ateliers Paris 11e &#8211; M\u00e9tro Faidherbe Chaligny (ligne 8) ou Reuilly Diderot (ligne 1)Les&nbsp;s\u00e9ances d&rsquo;accompagnement \u00e9nerg\u00e9tique&nbsp;peuvent aussi se faire \u00e0 distance (skipe \/WhatsApp) Tarifs * S\u00e9ances [&hellip;]","og_url":"https:\/\/clairegentil.com\/index.php\/infos-pratiques\/","og_site_name":"Claire Gentil","article_publisher":"https:\/\/www.facebook.com\/claire.gentil.7","article_modified_time":"2026-02-17T15:56:22+00:00","twitter_card":"summary_large_image","twitter_misc":{"Dur\u00e9e de lecture estim\u00e9e":"4 minutes"},"schema":{"@context":"https:\/\/schema.org","@graph":[{"@type":"WebPage","@id":"https:\/\/clairegentil.com\/index.php\/infos-pratiques\/","url":"https:\/\/clairegentil.com\/index.php\/infos-pratiques\/","name":"Infos pratiques - Claire Gentil","isPartOf":{"@id":"https:\/\/clairegentil.com\/#website"},"datePublished":"2019-08-09T20:43:53+00:00","dateModified":"2026-02-17T15:56:22+00:00","breadcrumb":{"@id":"https:\/\/clairegentil.com\/index.php\/infos-pratiques\/#breadcrumb"},"inLanguage":"fr-FR","potentialAction":[{"@type":"ReadAction","target":["https:\/\/clairegentil.com\/index.php\/infos-pratiques\/"]}]},{"@type":"BreadcrumbList","@id":"https:\/\/clairegentil.com\/index.php\/infos-pratiques\/#breadcrumb","itemListElement":[{"@type":"ListItem","position":1,"name":"Accueil","item":"https:\/\/clairegentil.com\/"},{"@type":"ListItem","position":2,"name":"Infos pratiques"}]},{"@type":"WebSite","@id":"https:\/\/clairegentil.com\/#website","url":"https:\/\/clairegentil.com\/","name":"Claire Gentil","description":"Th\u00e9rapeute Energ\u00e9ticienne","potentialAction":[{"@type":"SearchAction","target":{"@type":"EntryPoint","urlTemplate":"https:\/\/clairegentil.com\/?s={search_term_string}"},"query-input":{"@type":"PropertyValueSpecification","valueRequired":true,"valueName":"search_term_string"}}],"inLanguage":"fr-FR"}]}},"_links":{"self":[{"href":"https:\/\/clairegentil.com\/index.php\/wp-json\/wp\/v2\/pages\/47","targetHints":{"allow":["GET"]}}],"collection":[{"href":"https:\/\/clairegentil.com\/index.php\/wp-json\/wp\/v2\/pages"}],"about":[{"href":"https:\/\/clairegentil.com\/index.php\/wp-json\/wp\/v2\/types\/page"}],"author":[{"embeddable":true,"href":"https:\/\/clairegentil.com\/index.php\/wp-json\/wp\/v2\/users\/1"}],"replies":[{"embeddable":true,"href":"https:\/\/clairegentil.com\/index.php\/wp-json\/wp\/v2\/comments?post=47"}],"version-history":[{"count":86,"href":"https:\/\/clairegentil.com\/index.php\/wp-json\/wp\/v2\/pages\/47\/revisions"}],"predecessor-version":[{"id":1595,"href":"https:\/\/clairegentil.com\/index.php\/wp-json\/wp\/v2\/pages\/47\/revisions\/1595"}],"wp:attachment":[{"href":"https:\/\/clairegentil.com\/index.php\/wp-json\/wp\/v2\/media?parent=47"}],"curies":[{"name":"wp","href":"https:\/\/api.w.org\/{rel}","templated":true}]}}