{"id":2,"date":"2019-08-09T04:12:38","date_gmt":"2019-08-09T02:12:38","guid":{"rendered":"http:\/\/clairegentil.com\/?page_id=2"},"modified":"2026-04-19T21:34:14","modified_gmt":"2026-04-19T19:34:14","slug":"accueil","status":"publish","type":"page","link":"https:\/\/clairegentil.com\/","title":{"rendered":"Retrouvez la joie, la souplesse et l&rsquo;\u00e9nergie qui sont en vous"},"content":{"rendered":"\n<div class=\"wp-block-columns alignwide is-layout-flex wp-container-core-columns-is-layout-9d6595d7 wp-block-columns-is-layout-flex\">\n<div class=\"wp-block-column is-layout-flow wp-block-column-is-layout-flow\"><\/div>\n\n\n\n<div class=\"wp-block-column is-layout-flow wp-block-column-is-layout-flow\"><\/div>\n<\/div>\n\n\n\n<div class=\"wp-block-group is-layout-grid wp-container-core-group-is-layout-9649a0d9 wp-block-group-is-layout-grid\">\n<div class=\"wp-block-cover has-custom-content-position is-position-top-left\" style=\"min-height:100vh;aspect-ratio:unset;\"><img loading=\"lazy\" decoding=\"async\" width=\"712\" height=\"1024\" class=\"wp-block-cover__image-background wp-image-1536\" alt=\"\" src=\"https:\/\/clairegentil.com\/wp-content\/uploads\/2026\/02\/arbre-nu-2-712x1024.jpg\" data-object-fit=\"cover\" srcset=\"https:\/\/clairegentil.com\/wp-content\/uploads\/2026\/02\/arbre-nu-2-712x1024.jpg 712w, https:\/\/clairegentil.com\/wp-content\/uploads\/2026\/02\/arbre-nu-2-209x300.jpg 209w, https:\/\/clairegentil.com\/wp-content\/uploads\/2026\/02\/arbre-nu-2-768x1105.jpg 768w, https:\/\/clairegentil.com\/wp-content\/uploads\/2026\/02\/arbre-nu-2-1068x1536.jpg 1068w, https:\/\/clairegentil.com\/wp-content\/uploads\/2026\/02\/arbre-nu-2-1424x2048.jpg 1424w, https:\/\/clairegentil.com\/wp-content\/uploads\/2026\/02\/arbre-nu-2-scaled.jpg 1780w\" sizes=\"auto, (max-width: 712px) 100vw, 712px\" \/><span aria-hidden=\"true\" class=\"wp-block-cover__background has-background-dim\"><\/span><div class=\"wp-block-cover__inner-container is-layout-flow wp-block-cover-is-layout-flow\">\n<p><\/p>\n\n\n\n<p><br><br><br><em><strong>Je me lib\u00e8re de mes sch\u00e9mas obsol\u00e8tes ! <\/strong><\/em><br><strong><mark style=\"background-color:#ffffff\" class=\"has-inline-color\"><a href=\"https:\/\/clairegentil.com\/index.php\/recouvrement-dame\/constellations-familiales\/\">Ateliers de constellations familiales et syst\u00e9miques<\/a><\/mark><\/strong><br><\/p>\n\n\n\n<p><strong>PROCHAIN ATELIER &#8211; jeudi 21 mai 19h <mark style=\"background-color:rgba(0, 0, 0, 0)\" class=\"has-inline-color has-white-color\"><\/mark><a href=\"https:\/\/www.billetweb.fr\/pro\/clairegentil\"><mark style=\"background-color:#f1eded\" class=\"has-inline-color has-black-color\">Inscription<\/mark><\/a><\/strong><\/p>\n<\/div><\/div>\n\n\n\n<div class=\"wp-block-cover wp-container-content-69bc4bdf\"><img loading=\"lazy\" decoding=\"async\" width=\"494\" height=\"676\" class=\"wp-block-cover__image-background wp-image-1548\" alt=\"\" src=\"https:\/\/clairegentil.com\/wp-content\/uploads\/2026\/02\/TOUCAN.005.jpeg\" data-object-fit=\"cover\" srcset=\"https:\/\/clairegentil.com\/wp-content\/uploads\/2026\/02\/TOUCAN.005.jpeg 494w, https:\/\/clairegentil.com\/wp-content\/uploads\/2026\/02\/TOUCAN.005-219x300.jpeg 219w\" sizes=\"auto, (max-width: 494px) 100vw, 494px\" \/><span aria-hidden=\"true\" class=\"wp-block-cover__background has-background-dim\"><\/span><div class=\"wp-block-cover__inner-container is-layout-flow wp-block-cover-is-layout-flow\">\n<p><br><br><br><br><br><br><strong><em>Je suis<\/em> <em>qui je suis !<\/em><br><\/strong><\/p>\n\n\n\n<p><strong><a href=\"https:\/\/clairegentil.com\/index.php\/accueil\/ame\/\"><mark style=\"background-color:#ffffff\" class=\"has-inline-color\">S\u00e9ance d&rsquo;accompagnement \u00e9nerg\u00e9tique<\/mark><\/a><\/strong><\/p>\n\n\n\n<p><a href=\"https:\/\/calendly.com\/clairegentil\/seance\"><mark style=\"background-color:#ffffff\" class=\"has-inline-color\">Prendre rendez-vous<\/mark><\/a><\/p>\n<\/div><\/div>\n\n\n\n<div class=\"wp-block-cover\"><img loading=\"lazy\" decoding=\"async\" width=\"728\" height=\"1024\" class=\"wp-block-cover__image-background wp-image-1539\" alt=\"\" src=\"https:\/\/clairegentil.com\/wp-content\/uploads\/2026\/02\/BARTELEMY-Togo-1-728x1024.jpg\" data-object-fit=\"cover\" srcset=\"https:\/\/clairegentil.com\/wp-content\/uploads\/2026\/02\/BARTELEMY-Togo-1-728x1024.jpg 728w, https:\/\/clairegentil.com\/wp-content\/uploads\/2026\/02\/BARTELEMY-Togo-1-213x300.jpg 213w, https:\/\/clairegentil.com\/wp-content\/uploads\/2026\/02\/BARTELEMY-Togo-1-768x1081.jpg 768w, https:\/\/clairegentil.com\/wp-content\/uploads\/2026\/02\/BARTELEMY-Togo-1-1091x1536.jpg 1091w, https:\/\/clairegentil.com\/wp-content\/uploads\/2026\/02\/BARTELEMY-Togo-1-1455x2048.jpg 1455w, https:\/\/clairegentil.com\/wp-content\/uploads\/2026\/02\/BARTELEMY-Togo-1-scaled.jpg 1819w\" sizes=\"auto, (max-width: 728px) 100vw, 728px\" \/><span aria-hidden=\"true\" class=\"wp-block-cover__background has-background-dim\"><\/span><div class=\"wp-block-cover__inner-container is-layout-flow wp-block-cover-is-layout-flow\">\n<p><em><strong>J&rsquo;ouvre mes perceptions <\/strong>! <\/em><br><a href=\"https:\/\/clairegentil.com\/index.php\/cycle-dinitiation\/\"><strong><mark style=\"background-color:#ffffff\" class=\"has-inline-color\">Cycle d&rsquo;initiation \u00e0 l&rsquo;\u00e9nerg\u00e9tique<\/mark><\/strong><\/a><br><\/p>\n\n\n\n<p><\/p>\n\n\n\n<p><br>Week-end perturbations \u00e9nerg\u00e9tiques &#8211; <strong>7-8 mars 26<\/strong> <a href=\"https:\/\/www.billetweb.fr\/pro\/clairegentil\" type=\"link\" id=\"https:\/\/www.billetweb.fr\/pro\/clairegentil\"><mark style=\"background-color:#ffffff\" class=\"has-inline-color\">Inscription<\/mark><\/a><\/p>\n<\/div><\/div>\n\n\n\n<div class=\"wp-block-cover\"><img loading=\"lazy\" decoding=\"async\" width=\"816\" height=\"1024\" class=\"wp-block-cover__image-background wp-image-1542\" alt=\"\" src=\"https:\/\/clairegentil.com\/wp-content\/uploads\/2026\/02\/birmanie-816x1024.jpg\" data-object-fit=\"cover\" srcset=\"https:\/\/clairegentil.com\/wp-content\/uploads\/2026\/02\/birmanie-816x1024.jpg 816w, https:\/\/clairegentil.com\/wp-content\/uploads\/2026\/02\/birmanie-239x300.jpg 239w, https:\/\/clairegentil.com\/wp-content\/uploads\/2026\/02\/birmanie-768x963.jpg 768w, https:\/\/clairegentil.com\/wp-content\/uploads\/2026\/02\/birmanie-1224x1536.jpg 1224w, https:\/\/clairegentil.com\/wp-content\/uploads\/2026\/02\/birmanie-1633x2048.jpg 1633w, https:\/\/clairegentil.com\/wp-content\/uploads\/2026\/02\/birmanie.jpg 1651w\" sizes=\"auto, (max-width: 816px) 100vw, 816px\" \/><span aria-hidden=\"true\" class=\"wp-block-cover__background has-background-dim\"><\/span><div class=\"wp-block-cover__inner-container is-layout-flow wp-block-cover-is-layout-flow\">\n<p><em><strong>Je respire pleinement la vie ! <\/strong><\/em><br><a href=\"https:\/\/clairegentil.com\/index.php\/recouvrement-dame\/corps\/\"><strong><mark style=\"background-color:#ffffff\" class=\"has-inline-color\">S\u00e9ances de Transformational Breath<\/mark><\/strong><\/a><strong><a href=\"https:\/\/clairegentil.com\/index.php\/recouvrement-dame\/corps\/\"><mark style=\"background-color:#ffffff\" class=\"has-inline-color\">\u00ae<\/mark><\/a><\/strong><\/p>\n\n\n\n<p><\/p>\n\n\n\n<p><mark style=\"background-color:#ffffff\" class=\"has-inline-color\"><a href=\"https:\/\/calendly.com\/clairegentil\/seance?month=2023-11\">Prendre rendez-vous<\/a><\/mark><\/p>\n<\/div><\/div>\n\n\n\n<p class=\"has-text-align-center\"><\/p>\n\n\n\n<p class=\"has-text-align-center\"><\/p>\n\n\n\n<p class=\"has-text-align-center\"><\/p>\n<\/div>\n\n\n\n<div class=\"wp-block-columns alignwide is-layout-flex wp-container-core-columns-is-layout-9d6595d7 wp-block-columns-is-layout-flex\">\n\n<\/div>\n\n\n\n<div class=\"wp-block-columns is-layout-flex wp-container-core-columns-is-layout-9d6595d7 wp-block-columns-is-layout-flex\">\n<div class=\"wp-block-column is-layout-flow wp-block-column-is-layout-flow\" style=\"flex-basis:100%\"><\/div>\n<\/div>\n","protected":false},"excerpt":{"rendered":"","protected":false},"author":1,"featured_media":0,"parent":0,"menu_order":0,"comment_status":"closed","ping_status":"open","template":"","meta":{"footnotes":""},"class_list":["post-2","page","type-page","status-publish","hentry"],"yoast_head":"<!-- This site is optimized with the Yoast SEO plugin v27.5 - https:\/\/yoast.com\/product\/yoast-seo-wordpress\/ -->\n<title>Retrouvez la joie, la souplesse et l&#039;\u00e9nergie qui sont en vous - Claire Gentil<\/title>\n<meta name=\"description\" content=\"Tout est vibration, information, \u00e9nergie. Nous aussi ! Recueillir les informations (souvent tr\u00e8s anciennes) pr\u00e9sentes dans les corps subtils permet de mieux cerner la source de notre \u00ab r\u00e9action \u00bb aujourd\u2019hui. Comme nous avons nous-m\u00eames, consciemment ou non, mis en place ces protections, nous avons aussi le pouvoir de les d\u00e9sactiver.\" \/>\n<meta name=\"robots\" content=\"index, follow, max-snippet:-1, max-image-preview:large, max-video-preview:-1\" \/>\n<link rel=\"canonical\" href=\"https:\/\/clairegentil.com\/\" \/>\n<meta property=\"og:locale\" content=\"fr_FR\" \/>\n<meta property=\"og:type\" content=\"article\" \/>\n<meta property=\"og:title\" content=\"Retrouvez la joie, la souplesse et l&#039;\u00e9nergie qui sont en vous - Claire Gentil\" \/>\n<meta property=\"og:description\" content=\"Tout est vibration, information, \u00e9nergie. Nous aussi ! Recueillir les informations (souvent tr\u00e8s anciennes) pr\u00e9sentes dans les corps subtils permet de mieux cerner la source de notre \u00ab r\u00e9action \u00bb aujourd\u2019hui. Comme nous avons nous-m\u00eames, consciemment ou non, mis en place ces protections, nous avons aussi le pouvoir de les d\u00e9sactiver.\" \/>\n<meta property=\"og:url\" content=\"https:\/\/clairegentil.com\/\" \/>\n<meta property=\"og:site_name\" content=\"Claire Gentil\" \/>\n<meta property=\"article:publisher\" content=\"https:\/\/www.facebook.com\/claire.gentil.7\" \/>\n<meta property=\"article:modified_time\" content=\"2026-04-19T19:34:14+00:00\" \/>\n<meta property=\"og:image\" content=\"https:\/\/clairegentil.com\/wp-content\/uploads\/2026\/02\/arbre-nu-2-scaled.jpg\" \/>\n\t<meta property=\"og:image:width\" content=\"1780\" \/>\n\t<meta property=\"og:image:height\" content=\"2560\" \/>\n\t<meta property=\"og:image:type\" content=\"image\/jpeg\" \/>\n<meta name=\"twitter:card\" content=\"summary_large_image\" \/>\n<meta name=\"twitter:label1\" content=\"Dur\u00e9e de lecture estim\u00e9e\" \/>\n\t<meta name=\"twitter:data1\" content=\"3 minutes\" \/>\n<script type=\"application\/ld+json\" class=\"yoast-schema-graph\">{\"@context\":\"https:\\\/\\\/schema.org\",\"@graph\":[{\"@type\":\"WebPage\",\"@id\":\"https:\\\/\\\/clairegentil.com\\\/\",\"url\":\"https:\\\/\\\/clairegentil.com\\\/\",\"name\":\"Retrouvez la joie, la souplesse et l'\u00e9nergie qui sont en vous - Claire Gentil\",\"isPartOf\":{\"@id\":\"https:\\\/\\\/clairegentil.com\\\/#website\"},\"primaryImageOfPage\":{\"@id\":\"https:\\\/\\\/clairegentil.com\\\/#primaryimage\"},\"image\":{\"@id\":\"https:\\\/\\\/clairegentil.com\\\/#primaryimage\"},\"thumbnailUrl\":\"https:\\\/\\\/clairegentil.com\\\/wp-content\\\/uploads\\\/2026\\\/02\\\/arbre-nu-2-712x1024.jpg\",\"datePublished\":\"2019-08-09T02:12:38+00:00\",\"dateModified\":\"2026-04-19T19:34:14+00:00\",\"description\":\"Tout est vibration, information, \u00e9nergie. Nous aussi ! Recueillir les informations (souvent tr\u00e8s anciennes) pr\u00e9sentes dans les corps subtils permet de mieux cerner la source de notre \u00ab r\u00e9action \u00bb aujourd\u2019hui. Comme nous avons nous-m\u00eames, consciemment ou non, mis en place ces protections, nous avons aussi le pouvoir de les d\u00e9sactiver.\",\"breadcrumb\":{\"@id\":\"https:\\\/\\\/clairegentil.com\\\/#breadcrumb\"},\"inLanguage\":\"fr-FR\",\"potentialAction\":[{\"@type\":\"ReadAction\",\"target\":[\"https:\\\/\\\/clairegentil.com\\\/\"]}]},{\"@type\":\"ImageObject\",\"inLanguage\":\"fr-FR\",\"@id\":\"https:\\\/\\\/clairegentil.com\\\/#primaryimage\",\"url\":\"https:\\\/\\\/clairegentil.com\\\/wp-content\\\/uploads\\\/2026\\\/02\\\/arbre-nu-2-scaled.jpg\",\"contentUrl\":\"https:\\\/\\\/clairegentil.com\\\/wp-content\\\/uploads\\\/2026\\\/02\\\/arbre-nu-2-scaled.jpg\",\"width\":1780,\"height\":2560},{\"@type\":\"BreadcrumbList\",\"@id\":\"https:\\\/\\\/clairegentil.com\\\/#breadcrumb\",\"itemListElement\":[{\"@type\":\"ListItem\",\"position\":1,\"name\":\"Accueil\",\"item\":\"https:\\\/\\\/clairegentil.com\\\/\"},{\"@type\":\"ListItem\",\"position\":2,\"name\":\"Retrouvez la joie, la souplesse et l&rsquo;\u00e9nergie qui sont en vous\"}]},{\"@type\":\"WebSite\",\"@id\":\"https:\\\/\\\/clairegentil.com\\\/#website\",\"url\":\"https:\\\/\\\/clairegentil.com\\\/\",\"name\":\"Claire Gentil\",\"description\":\"Th\u00e9rapeute Energ\u00e9ticienne\",\"potentialAction\":[{\"@type\":\"SearchAction\",\"target\":{\"@type\":\"EntryPoint\",\"urlTemplate\":\"https:\\\/\\\/clairegentil.com\\\/?s={search_term_string}\"},\"query-input\":{\"@type\":\"PropertyValueSpecification\",\"valueRequired\":true,\"valueName\":\"search_term_string\"}}],\"inLanguage\":\"fr-FR\"}]}<\/script>\n<!-- \/ Yoast SEO plugin. -->","yoast_head_json":{"title":"Retrouvez la joie, la souplesse et l'\u00e9nergie qui sont en vous - Claire Gentil","description":"Tout est vibration, information, \u00e9nergie. Nous aussi ! Recueillir les informations (souvent tr\u00e8s anciennes) pr\u00e9sentes dans les corps subtils permet de mieux cerner la source de notre \u00ab r\u00e9action \u00bb aujourd\u2019hui. Comme nous avons nous-m\u00eames, consciemment ou non, mis en place ces protections, nous avons aussi le pouvoir de les d\u00e9sactiver.","robots":{"index":"index","follow":"follow","max-snippet":"max-snippet:-1","max-image-preview":"max-image-preview:large","max-video-preview":"max-video-preview:-1"},"canonical":"https:\/\/clairegentil.com\/","og_locale":"fr_FR","og_type":"article","og_title":"Retrouvez la joie, la souplesse et l'\u00e9nergie qui sont en vous - Claire Gentil","og_description":"Tout est vibration, information, \u00e9nergie. Nous aussi ! Recueillir les informations (souvent tr\u00e8s anciennes) pr\u00e9sentes dans les corps subtils permet de mieux cerner la source de notre \u00ab r\u00e9action \u00bb aujourd\u2019hui. Comme nous avons nous-m\u00eames, consciemment ou non, mis en place ces protections, nous avons aussi le pouvoir de les d\u00e9sactiver.","og_url":"https:\/\/clairegentil.com\/","og_site_name":"Claire Gentil","article_publisher":"https:\/\/www.facebook.com\/claire.gentil.7","article_modified_time":"2026-04-19T19:34:14+00:00","og_image":[{"width":1780,"height":2560,"url":"https:\/\/clairegentil.com\/wp-content\/uploads\/2026\/02\/arbre-nu-2-scaled.jpg","type":"image\/jpeg"}],"twitter_card":"summary_large_image","twitter_misc":{"Dur\u00e9e de lecture estim\u00e9e":"3 minutes"},"schema":{"@context":"https:\/\/schema.org","@graph":[{"@type":"WebPage","@id":"https:\/\/clairegentil.com\/","url":"https:\/\/clairegentil.com\/","name":"Retrouvez la joie, la souplesse et l'\u00e9nergie qui sont en vous - Claire Gentil","isPartOf":{"@id":"https:\/\/clairegentil.com\/#website"},"primaryImageOfPage":{"@id":"https:\/\/clairegentil.com\/#primaryimage"},"image":{"@id":"https:\/\/clairegentil.com\/#primaryimage"},"thumbnailUrl":"https:\/\/clairegentil.com\/wp-content\/uploads\/2026\/02\/arbre-nu-2-712x1024.jpg","datePublished":"2019-08-09T02:12:38+00:00","dateModified":"2026-04-19T19:34:14+00:00","description":"Tout est vibration, information, \u00e9nergie. Nous aussi ! Recueillir les informations (souvent tr\u00e8s anciennes) pr\u00e9sentes dans les corps subtils permet de mieux cerner la source de notre \u00ab r\u00e9action \u00bb aujourd\u2019hui. Comme nous avons nous-m\u00eames, consciemment ou non, mis en place ces protections, nous avons aussi le pouvoir de les d\u00e9sactiver.","breadcrumb":{"@id":"https:\/\/clairegentil.com\/#breadcrumb"},"inLanguage":"fr-FR","potentialAction":[{"@type":"ReadAction","target":["https:\/\/clairegentil.com\/"]}]},{"@type":"ImageObject","inLanguage":"fr-FR","@id":"https:\/\/clairegentil.com\/#primaryimage","url":"https:\/\/clairegentil.com\/wp-content\/uploads\/2026\/02\/arbre-nu-2-scaled.jpg","contentUrl":"https:\/\/clairegentil.com\/wp-content\/uploads\/2026\/02\/arbre-nu-2-scaled.jpg","width":1780,"height":2560},{"@type":"BreadcrumbList","@id":"https:\/\/clairegentil.com\/#breadcrumb","itemListElement":[{"@type":"ListItem","position":1,"name":"Accueil","item":"https:\/\/clairegentil.com\/"},{"@type":"ListItem","position":2,"name":"Retrouvez la joie, la souplesse et l&rsquo;\u00e9nergie qui sont en vous"}]},{"@type":"WebSite","@id":"https:\/\/clairegentil.com\/#website","url":"https:\/\/clairegentil.com\/","name":"Claire Gentil","description":"Th\u00e9rapeute Energ\u00e9ticienne","potentialAction":[{"@type":"SearchAction","target":{"@type":"EntryPoint","urlTemplate":"https:\/\/clairegentil.com\/?s={search_term_string}"},"query-input":{"@type":"PropertyValueSpecification","valueRequired":true,"valueName":"search_term_string"}}],"inLanguage":"fr-FR"}]}},"_links":{"self":[{"href":"https:\/\/clairegentil.com\/index.php\/wp-json\/wp\/v2\/pages\/2","targetHints":{"allow":["GET"]}}],"collection":[{"href":"https:\/\/clairegentil.com\/index.php\/wp-json\/wp\/v2\/pages"}],"about":[{"href":"https:\/\/clairegentil.com\/index.php\/wp-json\/wp\/v2\/types\/page"}],"author":[{"embeddable":true,"href":"https:\/\/clairegentil.com\/index.php\/wp-json\/wp\/v2\/users\/1"}],"replies":[{"embeddable":true,"href":"https:\/\/clairegentil.com\/index.php\/wp-json\/wp\/v2\/comments?post=2"}],"version-history":[{"count":318,"href":"https:\/\/clairegentil.com\/index.php\/wp-json\/wp\/v2\/pages\/2\/revisions"}],"predecessor-version":[{"id":1620,"href":"https:\/\/clairegentil.com\/index.php\/wp-json\/wp\/v2\/pages\/2\/revisions\/1620"}],"wp:attachment":[{"href":"https:\/\/clairegentil.com\/index.php\/wp-json\/wp\/v2\/media?parent=2"}],"curies":[{"name":"wp","href":"https:\/\/api.w.org\/{rel}","templated":true}]}}