{"id":117,"date":"2019-08-30T14:10:30","date_gmt":"2019-08-30T12:10:30","guid":{"rendered":"http:\/\/clairegentil.com\/?page_id=117"},"modified":"2024-05-14T16:18:50","modified_gmt":"2024-05-14T14:18:50","slug":"corps","status":"publish","type":"page","link":"https:\/\/clairegentil.com\/index.php\/accueil\/corps\/","title":{"rendered":"Transformational Breath\u00ae"},"content":{"rendered":"\n<p>Transformational Breath\u00ae (ou respiration transformatrice) est un syst\u00e8me \u00e0 la fois simple et tr\u00e8s puissant de respiration consciente et connect\u00e9e (breathwork). Elle associe la respiration diaphragmatique \u00e0 divers outils : acupressions,  pratique de sons, affirmations positives et mouvements. <br>Nos sch\u00e9mas de respiration refl\u00e8tent la mani\u00e8re dont nous vivons. &nbsp;Faire \u00e9voluer notre respiration c\u2019est faire \u00e9voluer notre vie. En l\u2019amplifiant de mani\u00e8re consciente et connect\u00e9e, nous agissons de mani\u00e8re globale sur tous les niveaux : physique, mental\/\u00e9motionnel et spirituel. <\/p>\n\n\n\n<p>\u2013&nbsp;<strong>Niveau physique<\/strong>&nbsp;: La respiration Transformatrice active la capacit\u00e9 de notre corps \u00e0 se r\u00e9guler. <br>Lors d\u2019une s\u00e9ance, le volume d\u2019air apport\u00e9 au corps peut \u00eatre multipli\u00e9 jusqu\u2019\u00e0 3 fois. <br>La respiration \u00e9tant notre principal apport en \u00e9nergie, avant l\u2019eau et la nourriture, le corps retrouve beaucoup d&rsquo;\u00e9nergie. <br>L\u2019oxyg\u00e9nation augmente dans tout le corps, la circulation sanguine et le drainage lymphatique s&rsquo;am\u00e9liorent. <br>Nous permettons \u00e9galement \u00e0 notre corps de se d\u00e9toxifier plus rapidement, 70% des toxines \u00e9tant \u00e9limin\u00e9es par la respiration. <br>Enfin, la respiration transformatrice permet de lib\u00e9rer les tensions musculaires, particuli\u00e8rement au niveau du diaphragme, qui est notre muscle respiratoire principal. <\/p>\n\n\n\n<p class=\"has-text-align-left\">\u2013&nbsp;<strong>Niveau \u00e9motionnel et mental<\/strong>&nbsp;: La limitation de notre respiration vient d\u2019\u00e9motions refoul\u00e9es dans notre inconscient. En augmentant notre capacit\u00e9 respiratoire, nous apportons une \u00e9nergie de haute vibration \u00e0 notre corps qui fait remonter \u00e0 notre conscience des \u00e9nergies de vibrations plus basses comme la col\u00e8re, la tristesse et la peur afin qu\u2019elles puissent \u00eatre lib\u00e9r\u00e9es et int\u00e9gr\u00e9es. Nous appelons cet effet, l\u2019effet d\u2019entra\u00eenement. <br>Ainsi, la respiration Transformatrice r\u00e9duit fortement le stress et va nous apporter une plus grande clart\u00e9 mentale amenant une diminution des pens\u00e9es parasites. <br><strong>Apr\u00e8s une s\u00e9ance vous vous sentez vraiment d\u00e9tendu et r\u00e9g\u00e9n\u00e9r\u00e9.<\/strong><\/p>\n\n\n\n<p>\u2013&nbsp;<strong>Niveau spirituel :&nbsp;<\/strong>La respiration transformatrice permet d\u2019all\u00e9ger notre corps \u00e9motionnel, qui est constitu\u00e9 de la somme de toutes nos \u00e9motions refoul\u00e9es. Nous acc\u00e9dons \u00e0 notre v\u00e9ritable nature qui est paix, amour et joie. Notre espace mental \u00e9tant \u00e9galement moins encombr\u00e9, cela laisse place \u00e0 une plus forte connexion \u00e0 notre intuition et une lib\u00e9ration de nos croyances limitantes vis \u00e0 vis de nous-m\u00eame et du monde.<\/p>\n\n\n\n<p>La Transformational Breath a \u00e9t\u00e9 cr\u00e9\u00e9e il y a plus de 20 ans par le Dr Judith Kravitz aux \u00c9tats-Unis et n\u2019a cess\u00e9 de se perfectionner au fil du temps. Cette m\u00e9thode est pratiqu\u00e9e dans plus de 30 pays \u00e0 travers le monde.<\/p>\n\n\n\n<h2 class=\"wp-block-heading\">Comment se passe une s\u00e9ance ?<\/h2>\n\n\n\n<p>Tout d&rsquo;abord, vous posez avec mon aide une intention positive pour la s\u00e9ance. <\/p>\n\n\n\n<p>Lors de la premi\u00e8re s\u00e9ance, je commence par vous expliquer en d\u00e9tail le fonctionnement de la Respiration Transformatrice ainsi que son action dans le corps physique, \u00e9motionnel\/mental et spirituel. <\/p>\n\n\n\n<p>J\u2019effectue ensuite une analyse de votre respiration qui me permet d\u2019\u00e9valuer les traits g\u00e9n\u00e9raux de votre personnalit\u00e9 sur le moment. Notre fa\u00e7on de respirer refl\u00e8te la fa\u00e7on dont nous vivons notre vie. Plus nous respirons de mani\u00e8re consciente et plus notre sch\u00e9ma respiratoire va se modifier pour apporter plus d\u2019harmonie \u00e0 notre vie.<\/p>\n\n\n\n<p class=\"has-text-align-center has-very-light-gray-color has-text-color has-background has-normal-font-size\" style=\"background-color:#0c4e6d\">Vous allez respirer pendant 1h la bouche ouverte et de mani\u00e8re connect\u00e9e (sans faire de pauses). <br>Mon r\u00f4le sera de vous accompagner pour vous aider \u00e0 respirer pleinement. <br>Pour cela, j\u2019utiliserai des acupressions, des intentions positives et vous proposerai de faire des sons ainsi que des mouvements du corps.<\/p>\n\n\n\n<p>Nous terminerons par un \u00e9change sur votre s\u00e9ance et je vous montrerai un exercice respiratoire \u00e0 faire quotidiennement chez vous. L\u2019autonomie et la r\u00e9gularit\u00e9 joue une place importante dans le processus d\u2019ouverture de notre capacit\u00e9 respiratoire.<\/p>\n\n\n\n<p>Le processus de mise en place de cette respiration est progressif. <br>Afin que vous puissiez b\u00e9n\u00e9ficier pleinement des b\u00e9n\u00e9fices de la Transformational Breath il vous est demand\u00e9 de VOUS ENGAGER SUR 3 SEANCES (avec un intervalle de 1 \u00e0 2 semaines) <br>Prenez rendez-vous 06 20 24 35 46 ou sur\u00a0<a href=\"https:\/\/calendly.com\/clairegentil\/seance\">Calendly ICI<\/a><\/p>\n","protected":false},"excerpt":{"rendered":"<p>Transformational Breath\u00ae (ou respiration transformatrice) est un syst\u00e8me \u00e0 la fois simple et tr\u00e8s puissant de respiration consciente et connect\u00e9e (breathwork). Elle associe la respiration diaphragmatique \u00e0 divers outils : acupressions, pratique de sons, affirmations positives et mouvements. Nos sch\u00e9mas de respiration refl\u00e8tent la mani\u00e8re dont nous vivons. &nbsp;Faire \u00e9voluer notre respiration c\u2019est faire \u00e9voluer [&hellip;]<\/p>\n","protected":false},"author":1,"featured_media":0,"parent":2,"menu_order":1,"comment_status":"closed","ping_status":"closed","template":"","meta":{"footnotes":""},"class_list":["post-117","page","type-page","status-publish","hentry"],"yoast_head":"<!-- This site is optimized with the Yoast SEO plugin v27.5 - https:\/\/yoast.com\/product\/yoast-seo-wordpress\/ -->\n<title>Transformational Breath\u00ae - Claire Gentil<\/title>\n<meta name=\"description\" content=\"Par des techniques manuelles douces sollicitant les points d\u2019acupuncture et les structures du corps \u00e9nerg\u00e9tique, ce soin va permettre de faire\u00a0circuler l\u2019\u00e9nergie bloqu\u00e9e dans des zones douloureuses et les organes, lib\u00e9rer les tensions, mettre en mouvement l\u2019\u00e9nergie vitale\u00a0et, de fa\u00e7on plus globale, harmoniser le corps et l\u2019esprit.\" \/>\n<meta name=\"robots\" content=\"index, follow, max-snippet:-1, max-image-preview:large, max-video-preview:-1\" \/>\n<link rel=\"canonical\" href=\"https:\/\/clairegentil.com\/index.php\/accueil\/corps\/\" \/>\n<meta property=\"og:locale\" content=\"fr_FR\" \/>\n<meta property=\"og:type\" content=\"article\" \/>\n<meta property=\"og:title\" content=\"Transformational Breath\u00ae - Claire Gentil\" \/>\n<meta property=\"og:description\" content=\"Par des techniques manuelles douces sollicitant les points d\u2019acupuncture et les structures du corps \u00e9nerg\u00e9tique, ce soin va permettre de faire\u00a0circuler l\u2019\u00e9nergie bloqu\u00e9e dans des zones douloureuses et les organes, lib\u00e9rer les tensions, mettre en mouvement l\u2019\u00e9nergie vitale\u00a0et, de fa\u00e7on plus globale, harmoniser le corps et l\u2019esprit.\" \/>\n<meta property=\"og:url\" content=\"https:\/\/clairegentil.com\/index.php\/accueil\/corps\/\" \/>\n<meta property=\"og:site_name\" content=\"Claire Gentil\" \/>\n<meta property=\"article:publisher\" content=\"https:\/\/www.facebook.com\/claire.gentil.7\" \/>\n<meta property=\"article:modified_time\" content=\"2024-05-14T14:18:50+00:00\" \/>\n<meta name=\"twitter:card\" content=\"summary_large_image\" \/>\n<meta name=\"twitter:label1\" content=\"Dur\u00e9e de lecture estim\u00e9e\" \/>\n\t<meta name=\"twitter:data1\" content=\"2 minutes\" \/>\n<script type=\"application\/ld+json\" class=\"yoast-schema-graph\">{\"@context\":\"https:\\\/\\\/schema.org\",\"@graph\":[{\"@type\":\"WebPage\",\"@id\":\"https:\\\/\\\/clairegentil.com\\\/index.php\\\/accueil\\\/corps\\\/\",\"url\":\"https:\\\/\\\/clairegentil.com\\\/index.php\\\/accueil\\\/corps\\\/\",\"name\":\"Transformational Breath\u00ae - Claire Gentil\",\"isPartOf\":{\"@id\":\"https:\\\/\\\/clairegentil.com\\\/#website\"},\"datePublished\":\"2019-08-30T12:10:30+00:00\",\"dateModified\":\"2024-05-14T14:18:50+00:00\",\"description\":\"Par des techniques manuelles douces sollicitant les points d\u2019acupuncture et les structures du corps \u00e9nerg\u00e9tique, ce soin va permettre de faire\u00a0circuler l\u2019\u00e9nergie bloqu\u00e9e dans des zones douloureuses et les organes, lib\u00e9rer les tensions, mettre en mouvement l\u2019\u00e9nergie vitale\u00a0et, de fa\u00e7on plus globale, harmoniser le corps et l\u2019esprit.\",\"breadcrumb\":{\"@id\":\"https:\\\/\\\/clairegentil.com\\\/index.php\\\/accueil\\\/corps\\\/#breadcrumb\"},\"inLanguage\":\"fr-FR\",\"potentialAction\":[{\"@type\":\"ReadAction\",\"target\":[\"https:\\\/\\\/clairegentil.com\\\/index.php\\\/accueil\\\/corps\\\/\"]}]},{\"@type\":\"BreadcrumbList\",\"@id\":\"https:\\\/\\\/clairegentil.com\\\/index.php\\\/accueil\\\/corps\\\/#breadcrumb\",\"itemListElement\":[{\"@type\":\"ListItem\",\"position\":1,\"name\":\"Accueil\",\"item\":\"https:\\\/\\\/clairegentil.com\\\/\"},{\"@type\":\"ListItem\",\"position\":2,\"name\":\"Retrouvez la joie, la souplesse et l&rsquo;\u00e9nergie qui sont en vous\",\"item\":\"https:\\\/\\\/clairegentil.com\\\/\"},{\"@type\":\"ListItem\",\"position\":3,\"name\":\"Transformational Breath\u00ae\"}]},{\"@type\":\"WebSite\",\"@id\":\"https:\\\/\\\/clairegentil.com\\\/#website\",\"url\":\"https:\\\/\\\/clairegentil.com\\\/\",\"name\":\"Claire Gentil\",\"description\":\"Th\u00e9rapeute Energ\u00e9ticienne\",\"potentialAction\":[{\"@type\":\"SearchAction\",\"target\":{\"@type\":\"EntryPoint\",\"urlTemplate\":\"https:\\\/\\\/clairegentil.com\\\/?s={search_term_string}\"},\"query-input\":{\"@type\":\"PropertyValueSpecification\",\"valueRequired\":true,\"valueName\":\"search_term_string\"}}],\"inLanguage\":\"fr-FR\"}]}<\/script>\n<!-- \/ Yoast SEO plugin. -->","yoast_head_json":{"title":"Transformational Breath\u00ae - Claire Gentil","description":"Par des techniques manuelles douces sollicitant les points d\u2019acupuncture et les structures du corps \u00e9nerg\u00e9tique, ce soin va permettre de faire\u00a0circuler l\u2019\u00e9nergie bloqu\u00e9e dans des zones douloureuses et les organes, lib\u00e9rer les tensions, mettre en mouvement l\u2019\u00e9nergie vitale\u00a0et, de fa\u00e7on plus globale, harmoniser le corps et l\u2019esprit.","robots":{"index":"index","follow":"follow","max-snippet":"max-snippet:-1","max-image-preview":"max-image-preview:large","max-video-preview":"max-video-preview:-1"},"canonical":"https:\/\/clairegentil.com\/index.php\/accueil\/corps\/","og_locale":"fr_FR","og_type":"article","og_title":"Transformational Breath\u00ae - Claire Gentil","og_description":"Par des techniques manuelles douces sollicitant les points d\u2019acupuncture et les structures du corps \u00e9nerg\u00e9tique, ce soin va permettre de faire\u00a0circuler l\u2019\u00e9nergie bloqu\u00e9e dans des zones douloureuses et les organes, lib\u00e9rer les tensions, mettre en mouvement l\u2019\u00e9nergie vitale\u00a0et, de fa\u00e7on plus globale, harmoniser le corps et l\u2019esprit.","og_url":"https:\/\/clairegentil.com\/index.php\/accueil\/corps\/","og_site_name":"Claire Gentil","article_publisher":"https:\/\/www.facebook.com\/claire.gentil.7","article_modified_time":"2024-05-14T14:18:50+00:00","twitter_card":"summary_large_image","twitter_misc":{"Dur\u00e9e de lecture estim\u00e9e":"2 minutes"},"schema":{"@context":"https:\/\/schema.org","@graph":[{"@type":"WebPage","@id":"https:\/\/clairegentil.com\/index.php\/accueil\/corps\/","url":"https:\/\/clairegentil.com\/index.php\/accueil\/corps\/","name":"Transformational Breath\u00ae - Claire Gentil","isPartOf":{"@id":"https:\/\/clairegentil.com\/#website"},"datePublished":"2019-08-30T12:10:30+00:00","dateModified":"2024-05-14T14:18:50+00:00","description":"Par des techniques manuelles douces sollicitant les points d\u2019acupuncture et les structures du corps \u00e9nerg\u00e9tique, ce soin va permettre de faire\u00a0circuler l\u2019\u00e9nergie bloqu\u00e9e dans des zones douloureuses et les organes, lib\u00e9rer les tensions, mettre en mouvement l\u2019\u00e9nergie vitale\u00a0et, de fa\u00e7on plus globale, harmoniser le corps et l\u2019esprit.","breadcrumb":{"@id":"https:\/\/clairegentil.com\/index.php\/accueil\/corps\/#breadcrumb"},"inLanguage":"fr-FR","potentialAction":[{"@type":"ReadAction","target":["https:\/\/clairegentil.com\/index.php\/accueil\/corps\/"]}]},{"@type":"BreadcrumbList","@id":"https:\/\/clairegentil.com\/index.php\/accueil\/corps\/#breadcrumb","itemListElement":[{"@type":"ListItem","position":1,"name":"Accueil","item":"https:\/\/clairegentil.com\/"},{"@type":"ListItem","position":2,"name":"Retrouvez la joie, la souplesse et l&rsquo;\u00e9nergie qui sont en vous","item":"https:\/\/clairegentil.com\/"},{"@type":"ListItem","position":3,"name":"Transformational Breath\u00ae"}]},{"@type":"WebSite","@id":"https:\/\/clairegentil.com\/#website","url":"https:\/\/clairegentil.com\/","name":"Claire Gentil","description":"Th\u00e9rapeute Energ\u00e9ticienne","potentialAction":[{"@type":"SearchAction","target":{"@type":"EntryPoint","urlTemplate":"https:\/\/clairegentil.com\/?s={search_term_string}"},"query-input":{"@type":"PropertyValueSpecification","valueRequired":true,"valueName":"search_term_string"}}],"inLanguage":"fr-FR"}]}},"_links":{"self":[{"href":"https:\/\/clairegentil.com\/index.php\/wp-json\/wp\/v2\/pages\/117","targetHints":{"allow":["GET"]}}],"collection":[{"href":"https:\/\/clairegentil.com\/index.php\/wp-json\/wp\/v2\/pages"}],"about":[{"href":"https:\/\/clairegentil.com\/index.php\/wp-json\/wp\/v2\/types\/page"}],"author":[{"embeddable":true,"href":"https:\/\/clairegentil.com\/index.php\/wp-json\/wp\/v2\/users\/1"}],"replies":[{"embeddable":true,"href":"https:\/\/clairegentil.com\/index.php\/wp-json\/wp\/v2\/comments?post=117"}],"version-history":[{"count":38,"href":"https:\/\/clairegentil.com\/index.php\/wp-json\/wp\/v2\/pages\/117\/revisions"}],"predecessor-version":[{"id":1369,"href":"https:\/\/clairegentil.com\/index.php\/wp-json\/wp\/v2\/pages\/117\/revisions\/1369"}],"up":[{"embeddable":true,"href":"https:\/\/clairegentil.com\/index.php\/wp-json\/wp\/v2\/pages\/2"}],"wp:attachment":[{"href":"https:\/\/clairegentil.com\/index.php\/wp-json\/wp\/v2\/media?parent=117"}],"curies":[{"name":"wp","href":"https:\/\/api.w.org\/{rel}","templated":true}]}}